{"id":91,"date":"2022-08-02T13:27:23","date_gmt":"2022-08-02T13:27:23","guid":{"rendered":"https:\/\/audesur.ec\/tienda\/?post_type=product&#038;p=91"},"modified":"2023-01-10T18:11:07","modified_gmt":"2023-01-10T18:11:07","slug":"protector-de-carter-versa","status":"publish","type":"product","link":"https:\/\/audesur.ec\/tienda\/producto\/protector-de-carter-versa\/","title":{"rendered":"PROTECTOR DE CARTER VERSA"},"content":{"rendered":"","protected":false},"excerpt":{"rendered":"<p class=\"font_8\">Lo que busca el protector de carter es justamente protegerlo de golpes causados por rompevelocidades, piedras u otros objetos, pero tambi\u00e9n protege las\u00a0partes y piezas que se encuentran en la parte inferior del motor.<\/p>\n<p class=\"font_8\">Adem\u00e1s, no interfiere en los mantenimientos de cambio de aceite, ya que est\u00e1n dise\u00f1ados con los espacios (agujeros) necesarios para poder dar los debidos mantenimientos al motor, sin necesidad de retirar el protector.<\/p>\n<p class=\"font_8\">Producto de alta duraci\u00f3n, cortado a l\u00e1ser y fabricado en acero de 2MM con pintura electrost\u00e1tica color negro, para evitar oxidaci\u00f3n.<\/p>\n<p>NIMEXCARTERN18*T<\/p>\n","protected":false},"featured_media":92,"template":"","meta":{"_monsterinsights_skip_tracking":false,"_monsterinsights_sitenote_active":false,"_monsterinsights_sitenote_note":"","_monsterinsights_sitenote_category":0},"product_cat":[18],"product_tag":[],"class_list":["post-91","product","type-product","status-publish","has-post-thumbnail","hentry","product_cat-versa"],"aioseo_notices":[],"yoast_head":"<!-- This site is optimized with the Yoast SEO plugin v20.1 - https:\/\/yoast.com\/wordpress\/plugins\/seo\/ -->\n<title>PROTECTOR DE CARTER VERSA - Accesorios Nissan &amp; Renault, Quito<\/title>\n<meta name=\"robots\" content=\"index, follow, max-snippet:-1, max-image-preview:large, max-video-preview:-1\" \/>\n<link rel=\"canonical\" href=\"https:\/\/audesur.ec\/tienda\/producto\/protector-de-carter-versa\/\" \/>\n<meta property=\"og:locale\" content=\"es_ES\" \/>\n<meta property=\"og:type\" content=\"article\" \/>\n<meta property=\"og:title\" content=\"PROTECTOR DE CARTER VERSA - Accesorios Nissan &amp; Renault, Quito\" \/>\n<meta property=\"og:description\" content=\"Lo que busca el protector de carter es justamente protegerlo de golpes causados por rompevelocidades, piedras u otros objetos, pero tambi\u00e9n protege las\u00a0partes y piezas que se encuentran en la parte inferior del motor. Adem\u00e1s, no interfiere en los mantenimientos de cambio de aceite, ya que est\u00e1n dise\u00f1ados con los espacios (agujeros) necesarios para poder dar los debidos mantenimientos al motor, sin necesidad de retirar el protector. Producto de alta duraci\u00f3n, cortado a l\u00e1ser y fabricado en acero de 2MM con pintura electrost\u00e1tica color negro, para evitar oxidaci\u00f3n. NIMEXCARTERN18*T\" \/>\n<meta property=\"og:url\" content=\"https:\/\/audesur.ec\/tienda\/producto\/protector-de-carter-versa\/\" \/>\n<meta property=\"og:site_name\" content=\"Accesorios Nissan &amp; Renault, Quito\" \/>\n<meta property=\"article:modified_time\" content=\"2023-01-10T18:11:07+00:00\" \/>\n<meta property=\"og:image\" content=\"https:\/\/audesur.ec\/tienda\/wp-content\/uploads\/2022\/08\/CATALOGO-ACC-NISSAN-ABRIL22_page60_image24.png\" \/>\n\t<meta property=\"og:image:width\" content=\"351\" \/>\n\t<meta property=\"og:image:height\" content=\"258\" \/>\n\t<meta property=\"og:image:type\" content=\"image\/png\" \/>\n<meta name=\"twitter:card\" content=\"summary_large_image\" \/>\n<script type=\"application\/ld+json\" class=\"yoast-schema-graph\">{\"@context\":\"https:\/\/schema.org\",\"@graph\":[{\"@type\":\"WebPage\",\"@id\":\"https:\/\/audesur.ec\/tienda\/producto\/protector-de-carter-versa\/\",\"url\":\"https:\/\/audesur.ec\/tienda\/producto\/protector-de-carter-versa\/\",\"name\":\"PROTECTOR DE CARTER VERSA - Accesorios Nissan &amp; Renault, Quito\",\"isPartOf\":{\"@id\":\"https:\/\/audesur.ec\/tienda\/#website\"},\"datePublished\":\"2022-08-02T13:27:23+00:00\",\"dateModified\":\"2023-01-10T18:11:07+00:00\",\"breadcrumb\":{\"@id\":\"https:\/\/audesur.ec\/tienda\/producto\/protector-de-carter-versa\/#breadcrumb\"},\"inLanguage\":\"es\",\"potentialAction\":[{\"@type\":\"ReadAction\",\"target\":[\"https:\/\/audesur.ec\/tienda\/producto\/protector-de-carter-versa\/\"]}]},{\"@type\":\"BreadcrumbList\",\"@id\":\"https:\/\/audesur.ec\/tienda\/producto\/protector-de-carter-versa\/#breadcrumb\",\"itemListElement\":[{\"@type\":\"ListItem\",\"position\":1,\"name\":\"Portada\",\"item\":\"https:\/\/audesur.ec\/tienda\/\"},{\"@type\":\"ListItem\",\"position\":2,\"name\":\"Tienda\",\"item\":\"https:\/\/audesur.ec\/tienda\/tienda\/\"},{\"@type\":\"ListItem\",\"position\":3,\"name\":\"PROTECTOR DE CARTER VERSA\"}]},{\"@type\":\"WebSite\",\"@id\":\"https:\/\/audesur.ec\/tienda\/#website\",\"url\":\"https:\/\/audesur.ec\/tienda\/\",\"name\":\"Accesorios Nissan &amp; Renault, Quito\",\"description\":\"Venta de accesorios NISSAN y RENAULT\",\"publisher\":{\"@id\":\"https:\/\/audesur.ec\/tienda\/#organization\"},\"potentialAction\":[{\"@type\":\"SearchAction\",\"target\":{\"@type\":\"EntryPoint\",\"urlTemplate\":\"https:\/\/audesur.ec\/tienda\/?s={search_term_string}\"},\"query-input\":\"required name=search_term_string\"}],\"inLanguage\":\"es\"},{\"@type\":\"Organization\",\"@id\":\"https:\/\/audesur.ec\/tienda\/#organization\",\"name\":\"Accesorios Nissan &amp; Renault, Quito\",\"url\":\"https:\/\/audesur.ec\/tienda\/\",\"logo\":{\"@type\":\"ImageObject\",\"inLanguage\":\"es\",\"@id\":\"https:\/\/audesur.ec\/tienda\/#\/schema\/logo\/image\/\",\"url\":\"https:\/\/audesur.ec\/tienda\/wp-content\/uploads\/2023\/03\/cropped-audesur-logo-1-1.png\",\"contentUrl\":\"https:\/\/audesur.ec\/tienda\/wp-content\/uploads\/2023\/03\/cropped-audesur-logo-1-1.png\",\"width\":297,\"height\":70,\"caption\":\"Accesorios Nissan &amp; Renault, Quito\"},\"image\":{\"@id\":\"https:\/\/audesur.ec\/tienda\/#\/schema\/logo\/image\/\"}}]}<\/script>\n<!-- \/ Yoast SEO plugin. -->","yoast_head_json":{"title":"PROTECTOR DE CARTER VERSA - Accesorios Nissan &amp; Renault, Quito","robots":{"index":"index","follow":"follow","max-snippet":"max-snippet:-1","max-image-preview":"max-image-preview:large","max-video-preview":"max-video-preview:-1"},"canonical":"https:\/\/audesur.ec\/tienda\/producto\/protector-de-carter-versa\/","og_locale":"es_ES","og_type":"article","og_title":"PROTECTOR DE CARTER VERSA - Accesorios Nissan &amp; Renault, Quito","og_description":"Lo que busca el protector de carter es justamente protegerlo de golpes causados por rompevelocidades, piedras u otros objetos, pero tambi\u00e9n protege las\u00a0partes y piezas que se encuentran en la parte inferior del motor. Adem\u00e1s, no interfiere en los mantenimientos de cambio de aceite, ya que est\u00e1n dise\u00f1ados con los espacios (agujeros) necesarios para poder dar los debidos mantenimientos al motor, sin necesidad de retirar el protector. Producto de alta duraci\u00f3n, cortado a l\u00e1ser y fabricado en acero de 2MM con pintura electrost\u00e1tica color negro, para evitar oxidaci\u00f3n. NIMEXCARTERN18*T","og_url":"https:\/\/audesur.ec\/tienda\/producto\/protector-de-carter-versa\/","og_site_name":"Accesorios Nissan &amp; Renault, Quito","article_modified_time":"2023-01-10T18:11:07+00:00","og_image":[{"width":351,"height":258,"url":"https:\/\/audesur.ec\/tienda\/wp-content\/uploads\/2022\/08\/CATALOGO-ACC-NISSAN-ABRIL22_page60_image24.png","type":"image\/png"}],"twitter_card":"summary_large_image","schema":{"@context":"https:\/\/schema.org","@graph":[{"@type":"WebPage","@id":"https:\/\/audesur.ec\/tienda\/producto\/protector-de-carter-versa\/","url":"https:\/\/audesur.ec\/tienda\/producto\/protector-de-carter-versa\/","name":"PROTECTOR DE CARTER VERSA - Accesorios Nissan &amp; Renault, Quito","isPartOf":{"@id":"https:\/\/audesur.ec\/tienda\/#website"},"datePublished":"2022-08-02T13:27:23+00:00","dateModified":"2023-01-10T18:11:07+00:00","breadcrumb":{"@id":"https:\/\/audesur.ec\/tienda\/producto\/protector-de-carter-versa\/#breadcrumb"},"inLanguage":"es","potentialAction":[{"@type":"ReadAction","target":["https:\/\/audesur.ec\/tienda\/producto\/protector-de-carter-versa\/"]}]},{"@type":"BreadcrumbList","@id":"https:\/\/audesur.ec\/tienda\/producto\/protector-de-carter-versa\/#breadcrumb","itemListElement":[{"@type":"ListItem","position":1,"name":"Portada","item":"https:\/\/audesur.ec\/tienda\/"},{"@type":"ListItem","position":2,"name":"Tienda","item":"https:\/\/audesur.ec\/tienda\/tienda\/"},{"@type":"ListItem","position":3,"name":"PROTECTOR DE CARTER VERSA"}]},{"@type":"WebSite","@id":"https:\/\/audesur.ec\/tienda\/#website","url":"https:\/\/audesur.ec\/tienda\/","name":"Accesorios Nissan &amp; Renault, Quito","description":"Venta de accesorios NISSAN y RENAULT","publisher":{"@id":"https:\/\/audesur.ec\/tienda\/#organization"},"potentialAction":[{"@type":"SearchAction","target":{"@type":"EntryPoint","urlTemplate":"https:\/\/audesur.ec\/tienda\/?s={search_term_string}"},"query-input":"required name=search_term_string"}],"inLanguage":"es"},{"@type":"Organization","@id":"https:\/\/audesur.ec\/tienda\/#organization","name":"Accesorios Nissan &amp; Renault, Quito","url":"https:\/\/audesur.ec\/tienda\/","logo":{"@type":"ImageObject","inLanguage":"es","@id":"https:\/\/audesur.ec\/tienda\/#\/schema\/logo\/image\/","url":"https:\/\/audesur.ec\/tienda\/wp-content\/uploads\/2023\/03\/cropped-audesur-logo-1-1.png","contentUrl":"https:\/\/audesur.ec\/tienda\/wp-content\/uploads\/2023\/03\/cropped-audesur-logo-1-1.png","width":297,"height":70,"caption":"Accesorios Nissan &amp; Renault, Quito"},"image":{"@id":"https:\/\/audesur.ec\/tienda\/#\/schema\/logo\/image\/"}}]}},"_links":{"self":[{"href":"https:\/\/audesur.ec\/tienda\/wp-json\/wp\/v2\/product\/91","targetHints":{"allow":["GET"]}}],"collection":[{"href":"https:\/\/audesur.ec\/tienda\/wp-json\/wp\/v2\/product"}],"about":[{"href":"https:\/\/audesur.ec\/tienda\/wp-json\/wp\/v2\/types\/product"}],"wp:featuredmedia":[{"embeddable":true,"href":"https:\/\/audesur.ec\/tienda\/wp-json\/wp\/v2\/media\/92"}],"wp:attachment":[{"href":"https:\/\/audesur.ec\/tienda\/wp-json\/wp\/v2\/media?parent=91"}],"wp:term":[{"taxonomy":"product_cat","embeddable":true,"href":"https:\/\/audesur.ec\/tienda\/wp-json\/wp\/v2\/product_cat?post=91"},{"taxonomy":"product_tag","embeddable":true,"href":"https:\/\/audesur.ec\/tienda\/wp-json\/wp\/v2\/product_tag?post=91"}],"curies":[{"name":"wp","href":"https:\/\/api.w.org\/{rel}","templated":true}]}}