{"id":768,"date":"2022-11-28T17:49:03","date_gmt":"2022-11-28T17:49:03","guid":{"rendered":"https:\/\/audesur.ec\/tienda\/?post_type=product&#038;p=768"},"modified":"2026-01-23T21:30:48","modified_gmt":"2026-01-23T21:30:48","slug":"recubrimiento-ceramico-pack-1","status":"publish","type":"product","link":"https:\/\/audesur.ec\/tienda\/producto\/recubrimiento-ceramico-pack-1\/","title":{"rendered":"RECUBRIMIENTO CER\u00c1MICO"},"content":{"rendered":"","protected":false},"excerpt":{"rendered":"<p>El recubrimiento cer\u00e1mico forma una red de nanopart\u00edculas de silicato modificado que conforman una capa<br \/>\nprotectora resistente, ofreciendo flexibilidad de la pintura, provocando un efecto de rebote frente a la suciedad.<\/p>\n<p><strong>BENEFICIOS<\/strong><\/p>\n<p>\u2022 Protege Radiaci\u00f3n UV<br \/>\n\u2022 Protege de sustancias ambientales agresivas como lo son la sal, alquitr\u00e1n, contaminaci\u00f3n vial.<br \/>\n\u2022 La superficie se convierte en super-hidr\u00f3foba.<br \/>\n\u2022 Repelente de suciedad<br \/>\n\u2022 Efecto de f\u00e1cil limpieza<br \/>\n\u2022 Revive el color del auto<\/p>\n<p><strong>GARANT\u00cdA<\/strong><br \/>\nVida \u00fatil de hasta 2 a\u00f1os.<br \/>\nEl sellado se considerar\u00e1 intacto si aun mantiene su capacidad hidrof\u00f3bica.<br \/>\nMantenimiento anual.<br \/>\nBeneficio del % De descuento en aplicaci\u00f3n del mantenimiento anual para extender la vida \u00fatil.<\/p>\n<p><strong>EXCLUSIONES GARANT\u00cdA<\/strong><\/p>\n<p>Da\u00f1os Causados por accidentes, ara\u00f1azos, vandalismo, golpes de piedras, \u00f3xido y moho, precipitaci\u00f3n qu\u00edmica, contaminantes qu\u00edmicos excepcionales como lo son: pintura disolvente, cemento, pulidos , uso de t\u00e9cnicas de lavado incorrectas como, escobas, rodillos mec\u00e1nicos o abrasivos, uso de detergentes que no sean de l\u00ednea automotriz.<\/p>\n","protected":false},"featured_media":769,"template":"","meta":{"_monsterinsights_skip_tracking":false,"_monsterinsights_sitenote_active":false,"_monsterinsights_sitenote_note":"","_monsterinsights_sitenote_category":0},"product_cat":[30,20,26,27,21,28,29,18],"product_tag":[],"class_list":["post-768","product","type-product","status-publish","has-post-thumbnail","hentry","product_cat-duster","product_cat-kicks","product_cat-kwid","product_cat-logan","product_cat-qashqai","product_cat-sandero","product_cat-stepway","product_cat-versa"],"aioseo_notices":[],"yoast_head":"<!-- This site is optimized with the Yoast SEO plugin v20.1 - https:\/\/yoast.com\/wordpress\/plugins\/seo\/ -->\n<title>RECUBRIMIENTO CER\u00c1MICO - Accesorios Nissan &amp; Renault, Quito<\/title>\n<meta name=\"robots\" content=\"index, follow, max-snippet:-1, max-image-preview:large, max-video-preview:-1\" \/>\n<link rel=\"canonical\" href=\"https:\/\/audesur.ec\/tienda\/producto\/recubrimiento-ceramico-pack-1\/\" \/>\n<meta property=\"og:locale\" content=\"es_ES\" \/>\n<meta property=\"og:type\" content=\"article\" \/>\n<meta property=\"og:title\" content=\"RECUBRIMIENTO CER\u00c1MICO - Accesorios Nissan &amp; Renault, Quito\" \/>\n<meta property=\"og:description\" content=\"El recubrimiento cer\u00e1mico forma una red de nanopart\u00edculas de silicato modificado que conforman una capa protectora resistente, ofreciendo flexibilidad de la pintura, provocando un efecto de rebote frente a la suciedad.  BENEFICIOS  \u2022 Protege Radiaci\u00f3n UV \u2022 Protege de sustancias ambientales agresivas como lo son la sal, alquitr\u00e1n, contaminaci\u00f3n vial. \u2022 La superficie se convierte en super-hidr\u00f3foba. \u2022 Repelente de suciedad \u2022 Efecto de f\u00e1cil limpieza \u2022 Revive el color del auto  GARANT\u00cdA Vida \u00fatil de hasta 2 a\u00f1os. El sellado se considerar\u00e1 intacto si aun mantiene su capacidad hidrof\u00f3bica. Mantenimiento anual. Beneficio del % De descuento en aplicaci\u00f3n del mantenimiento anual para extender la vida \u00fatil.  EXCLUSIONES GARANT\u00cdA  Da\u00f1os Causados por accidentes, ara\u00f1azos, vandalismo, golpes de piedras, \u00f3xido y moho, precipitaci\u00f3n qu\u00edmica, contaminantes qu\u00edmicos excepcionales como lo son: pintura disolvente, cemento, pulidos , uso de t\u00e9cnicas de lavado incorrectas como, escobas, rodillos mec\u00e1nicos o abrasivos, uso de detergentes que no sean de l\u00ednea automotriz.\" \/>\n<meta property=\"og:url\" content=\"https:\/\/audesur.ec\/tienda\/producto\/recubrimiento-ceramico-pack-1\/\" \/>\n<meta property=\"og:site_name\" content=\"Accesorios Nissan &amp; Renault, Quito\" \/>\n<meta property=\"article:modified_time\" content=\"2026-01-23T21:30:48+00:00\" \/>\n<meta property=\"og:image\" content=\"https:\/\/audesur.ec\/tienda\/wp-content\/uploads\/2022\/11\/1.jpg\" \/>\n\t<meta property=\"og:image:width\" content=\"484\" \/>\n\t<meta property=\"og:image:height\" content=\"307\" \/>\n\t<meta property=\"og:image:type\" content=\"image\/jpeg\" \/>\n<meta name=\"twitter:card\" content=\"summary_large_image\" \/>\n<script type=\"application\/ld+json\" class=\"yoast-schema-graph\">{\"@context\":\"https:\/\/schema.org\",\"@graph\":[{\"@type\":\"WebPage\",\"@id\":\"https:\/\/audesur.ec\/tienda\/producto\/recubrimiento-ceramico-pack-1\/\",\"url\":\"https:\/\/audesur.ec\/tienda\/producto\/recubrimiento-ceramico-pack-1\/\",\"name\":\"RECUBRIMIENTO CER\u00c1MICO - Accesorios Nissan &amp; Renault, Quito\",\"isPartOf\":{\"@id\":\"https:\/\/audesur.ec\/tienda\/#website\"},\"datePublished\":\"2022-11-28T17:49:03+00:00\",\"dateModified\":\"2026-01-23T21:30:48+00:00\",\"breadcrumb\":{\"@id\":\"https:\/\/audesur.ec\/tienda\/producto\/recubrimiento-ceramico-pack-1\/#breadcrumb\"},\"inLanguage\":\"es\",\"potentialAction\":[{\"@type\":\"ReadAction\",\"target\":[\"https:\/\/audesur.ec\/tienda\/producto\/recubrimiento-ceramico-pack-1\/\"]}]},{\"@type\":\"BreadcrumbList\",\"@id\":\"https:\/\/audesur.ec\/tienda\/producto\/recubrimiento-ceramico-pack-1\/#breadcrumb\",\"itemListElement\":[{\"@type\":\"ListItem\",\"position\":1,\"name\":\"Portada\",\"item\":\"https:\/\/audesur.ec\/tienda\/\"},{\"@type\":\"ListItem\",\"position\":2,\"name\":\"Tienda\",\"item\":\"https:\/\/audesur.ec\/tienda\/tienda\/\"},{\"@type\":\"ListItem\",\"position\":3,\"name\":\"RECUBRIMIENTO CER\u00c1MICO\"}]},{\"@type\":\"WebSite\",\"@id\":\"https:\/\/audesur.ec\/tienda\/#website\",\"url\":\"https:\/\/audesur.ec\/tienda\/\",\"name\":\"Accesorios Nissan &amp; Renault, Quito\",\"description\":\"Venta de accesorios NISSAN y RENAULT\",\"publisher\":{\"@id\":\"https:\/\/audesur.ec\/tienda\/#organization\"},\"potentialAction\":[{\"@type\":\"SearchAction\",\"target\":{\"@type\":\"EntryPoint\",\"urlTemplate\":\"https:\/\/audesur.ec\/tienda\/?s={search_term_string}\"},\"query-input\":\"required name=search_term_string\"}],\"inLanguage\":\"es\"},{\"@type\":\"Organization\",\"@id\":\"https:\/\/audesur.ec\/tienda\/#organization\",\"name\":\"Accesorios Nissan &amp; Renault, Quito\",\"url\":\"https:\/\/audesur.ec\/tienda\/\",\"logo\":{\"@type\":\"ImageObject\",\"inLanguage\":\"es\",\"@id\":\"https:\/\/audesur.ec\/tienda\/#\/schema\/logo\/image\/\",\"url\":\"https:\/\/audesur.ec\/tienda\/wp-content\/uploads\/2023\/03\/cropped-audesur-logo-1-1.png\",\"contentUrl\":\"https:\/\/audesur.ec\/tienda\/wp-content\/uploads\/2023\/03\/cropped-audesur-logo-1-1.png\",\"width\":297,\"height\":70,\"caption\":\"Accesorios Nissan &amp; Renault, Quito\"},\"image\":{\"@id\":\"https:\/\/audesur.ec\/tienda\/#\/schema\/logo\/image\/\"}}]}<\/script>\n<!-- \/ Yoast SEO plugin. -->","yoast_head_json":{"title":"RECUBRIMIENTO CER\u00c1MICO - Accesorios Nissan &amp; Renault, Quito","robots":{"index":"index","follow":"follow","max-snippet":"max-snippet:-1","max-image-preview":"max-image-preview:large","max-video-preview":"max-video-preview:-1"},"canonical":"https:\/\/audesur.ec\/tienda\/producto\/recubrimiento-ceramico-pack-1\/","og_locale":"es_ES","og_type":"article","og_title":"RECUBRIMIENTO CER\u00c1MICO - Accesorios Nissan &amp; Renault, Quito","og_description":"El recubrimiento cer\u00e1mico forma una red de nanopart\u00edculas de silicato modificado que conforman una capa protectora resistente, ofreciendo flexibilidad de la pintura, provocando un efecto de rebote frente a la suciedad.  BENEFICIOS  \u2022 Protege Radiaci\u00f3n UV \u2022 Protege de sustancias ambientales agresivas como lo son la sal, alquitr\u00e1n, contaminaci\u00f3n vial. \u2022 La superficie se convierte en super-hidr\u00f3foba. \u2022 Repelente de suciedad \u2022 Efecto de f\u00e1cil limpieza \u2022 Revive el color del auto  GARANT\u00cdA Vida \u00fatil de hasta 2 a\u00f1os. El sellado se considerar\u00e1 intacto si aun mantiene su capacidad hidrof\u00f3bica. Mantenimiento anual. Beneficio del % De descuento en aplicaci\u00f3n del mantenimiento anual para extender la vida \u00fatil.  EXCLUSIONES GARANT\u00cdA  Da\u00f1os Causados por accidentes, ara\u00f1azos, vandalismo, golpes de piedras, \u00f3xido y moho, precipitaci\u00f3n qu\u00edmica, contaminantes qu\u00edmicos excepcionales como lo son: pintura disolvente, cemento, pulidos , uso de t\u00e9cnicas de lavado incorrectas como, escobas, rodillos mec\u00e1nicos o abrasivos, uso de detergentes que no sean de l\u00ednea automotriz.","og_url":"https:\/\/audesur.ec\/tienda\/producto\/recubrimiento-ceramico-pack-1\/","og_site_name":"Accesorios Nissan &amp; Renault, Quito","article_modified_time":"2026-01-23T21:30:48+00:00","og_image":[{"width":484,"height":307,"url":"https:\/\/audesur.ec\/tienda\/wp-content\/uploads\/2022\/11\/1.jpg","type":"image\/jpeg"}],"twitter_card":"summary_large_image","schema":{"@context":"https:\/\/schema.org","@graph":[{"@type":"WebPage","@id":"https:\/\/audesur.ec\/tienda\/producto\/recubrimiento-ceramico-pack-1\/","url":"https:\/\/audesur.ec\/tienda\/producto\/recubrimiento-ceramico-pack-1\/","name":"RECUBRIMIENTO CER\u00c1MICO - Accesorios Nissan &amp; Renault, Quito","isPartOf":{"@id":"https:\/\/audesur.ec\/tienda\/#website"},"datePublished":"2022-11-28T17:49:03+00:00","dateModified":"2026-01-23T21:30:48+00:00","breadcrumb":{"@id":"https:\/\/audesur.ec\/tienda\/producto\/recubrimiento-ceramico-pack-1\/#breadcrumb"},"inLanguage":"es","potentialAction":[{"@type":"ReadAction","target":["https:\/\/audesur.ec\/tienda\/producto\/recubrimiento-ceramico-pack-1\/"]}]},{"@type":"BreadcrumbList","@id":"https:\/\/audesur.ec\/tienda\/producto\/recubrimiento-ceramico-pack-1\/#breadcrumb","itemListElement":[{"@type":"ListItem","position":1,"name":"Portada","item":"https:\/\/audesur.ec\/tienda\/"},{"@type":"ListItem","position":2,"name":"Tienda","item":"https:\/\/audesur.ec\/tienda\/tienda\/"},{"@type":"ListItem","position":3,"name":"RECUBRIMIENTO CER\u00c1MICO"}]},{"@type":"WebSite","@id":"https:\/\/audesur.ec\/tienda\/#website","url":"https:\/\/audesur.ec\/tienda\/","name":"Accesorios Nissan &amp; Renault, Quito","description":"Venta de accesorios NISSAN y RENAULT","publisher":{"@id":"https:\/\/audesur.ec\/tienda\/#organization"},"potentialAction":[{"@type":"SearchAction","target":{"@type":"EntryPoint","urlTemplate":"https:\/\/audesur.ec\/tienda\/?s={search_term_string}"},"query-input":"required name=search_term_string"}],"inLanguage":"es"},{"@type":"Organization","@id":"https:\/\/audesur.ec\/tienda\/#organization","name":"Accesorios Nissan &amp; Renault, Quito","url":"https:\/\/audesur.ec\/tienda\/","logo":{"@type":"ImageObject","inLanguage":"es","@id":"https:\/\/audesur.ec\/tienda\/#\/schema\/logo\/image\/","url":"https:\/\/audesur.ec\/tienda\/wp-content\/uploads\/2023\/03\/cropped-audesur-logo-1-1.png","contentUrl":"https:\/\/audesur.ec\/tienda\/wp-content\/uploads\/2023\/03\/cropped-audesur-logo-1-1.png","width":297,"height":70,"caption":"Accesorios Nissan &amp; Renault, Quito"},"image":{"@id":"https:\/\/audesur.ec\/tienda\/#\/schema\/logo\/image\/"}}]}},"_links":{"self":[{"href":"https:\/\/audesur.ec\/tienda\/wp-json\/wp\/v2\/product\/768","targetHints":{"allow":["GET"]}}],"collection":[{"href":"https:\/\/audesur.ec\/tienda\/wp-json\/wp\/v2\/product"}],"about":[{"href":"https:\/\/audesur.ec\/tienda\/wp-json\/wp\/v2\/types\/product"}],"wp:featuredmedia":[{"embeddable":true,"href":"https:\/\/audesur.ec\/tienda\/wp-json\/wp\/v2\/media\/769"}],"wp:attachment":[{"href":"https:\/\/audesur.ec\/tienda\/wp-json\/wp\/v2\/media?parent=768"}],"wp:term":[{"taxonomy":"product_cat","embeddable":true,"href":"https:\/\/audesur.ec\/tienda\/wp-json\/wp\/v2\/product_cat?post=768"},{"taxonomy":"product_tag","embeddable":true,"href":"https:\/\/audesur.ec\/tienda\/wp-json\/wp\/v2\/product_tag?post=768"}],"curies":[{"name":"wp","href":"https:\/\/api.w.org\/{rel}","templated":true}]}}