{"id":730,"date":"2022-10-31T17:42:51","date_gmt":"2022-10-31T17:42:51","guid":{"rendered":"https:\/\/audesur.ec\/tienda\/?post_type=product&#038;p=730"},"modified":"2025-10-15T16:43:26","modified_gmt":"2025-10-15T16:43:26","slug":"complemento-de-suspension-novin-2-pares-mas-obsequio","status":"publish","type":"product","link":"https:\/\/audesur.ec\/tienda\/producto\/complemento-de-suspension-novin-2-pares-mas-obsequio\/","title":{"rendered":"PROTECTOR DE SUSPENSI\u00d3N NOVIN"},"content":{"rendered":"","protected":false},"excerpt":{"rendered":"<div class=\"row row-bloc-7-margin-top align-items-center\">\n<div class=\"col boton-cel\">\n<p class=\"text-center text-lg-left\">Desarrollo automotriz europeo de \u00faltima tecnolog\u00eda que se coloca en los espirales de los veh\u00edculos mejorando ostensiblemente el desempe\u00f1o de la suspensi\u00f3n.<br \/>\nAbsorbe el impacto en baches y malos caminos, torna el veh\u00edculo m\u00e1s estable al conducir a alta velocidad, reduce la inclinaci\u00f3n del veh\u00edculo en las curvas.<\/p>\n<h3 class=\"tc-cg-red mg-sm h3-margin-top text-center text-lg-left\"><strong>Beneficios<\/strong><\/h3>\n<p class=\"text-center text-lg-left\">\u2022 Absorbe hasta un 80% los impactos al caer en baches o recorrer por malos caminos.<br \/>\n\u2022 Prolonga la vida \u00fatil del amortiguador<br \/>\n\u2022 Mejora notoriamente el efecto de frenado al disminuir el desplazamiento del veh\u00edculo hacia adelante.<br \/>\n\u2022 Debido a la mejora en la suspensi\u00f3n, provee mayor estabilidad incrementando la seguridad al conducir en curvas.<br \/>\n\u2022 Ayuda a incrementar la altura del veh\u00edculo.<\/p>\n<p><span style=\"color: #ff0000;\">OBSEQUIO:<\/span> Protege las llantas de tu auto del agua, polvo e impurezas con\u00a0<a class=\"x1i10hfl xjbqb8w x6umtig x1b1mbwd xaqea5y xav7gou x9f619 x1ypdohk xt0psk2 xe8uvvx xdj266r x11i5rnm xat24cr x1mh8g0r xexx8yu x4uap5 x18d9i69 xkhd6sd x16tdsg8 x1hl2dhg xggy1nq x1a2a7pz xt0b8zv xzsf02u x1s688f\" tabindex=\"0\" role=\"link\" href=\"https:\/\/www.facebook.com\/watch\/hashtag\/tireshield?__eep__=6%2F&amp;__tn__=*NK\">#TireShield<\/a>, que forma una capa hidrof\u00f3bica y anticontaminantes que puede durar hasta 10 lavadas y hasta 30 d\u00edas<\/p>\n<p>NIMEXCOSUS*T<\/p>\n<\/div>\n<\/div>\n","protected":false},"featured_media":238,"template":"","meta":{"_monsterinsights_skip_tracking":false,"_monsterinsights_sitenote_active":false,"_monsterinsights_sitenote_note":"","_monsterinsights_sitenote_category":0},"product_cat":[34,31,30,23,20,26,27,21,28,29,18,22],"product_tag":[],"class_list":["post-730","product","type-product","status-publish","has-post-thumbnail","hentry","product_cat-all","product_cat-captur","product_cat-duster","product_cat-frontier","product_cat-kicks","product_cat-kwid","product_cat-logan","product_cat-qashqai","product_cat-sandero","product_cat-stepway","product_cat-versa","product_cat-xtrail"],"aioseo_notices":[],"yoast_head":"<!-- This site is optimized with the Yoast SEO plugin v20.1 - https:\/\/yoast.com\/wordpress\/plugins\/seo\/ -->\n<title>PROTECTOR DE SUSPENSI\u00d3N NOVIN - Accesorios Nissan &amp; Renault, Quito<\/title>\n<meta name=\"robots\" content=\"index, follow, max-snippet:-1, max-image-preview:large, max-video-preview:-1\" \/>\n<link rel=\"canonical\" href=\"https:\/\/audesur.ec\/tienda\/producto\/complemento-de-suspension-novin-2-pares-mas-obsequio\/\" \/>\n<meta property=\"og:locale\" content=\"es_ES\" \/>\n<meta property=\"og:type\" content=\"article\" \/>\n<meta property=\"og:title\" content=\"PROTECTOR DE SUSPENSI\u00d3N NOVIN - Accesorios Nissan &amp; Renault, Quito\" \/>\n<meta property=\"og:description\" content=\"Desarrollo automotriz europeo de \u00faltima tecnolog\u00eda que se coloca en los espirales de los veh\u00edculos mejorando ostensiblemente el desempe\u00f1o de la suspensi\u00f3n. Absorbe el impacto en baches y malos caminos, torna el veh\u00edculo m\u00e1s estable al conducir a alta velocidad, reduce la inclinaci\u00f3n del veh\u00edculo en las curvas.  Beneficios \u2022 Absorbe hasta un 80% los impactos al caer en baches o recorrer por malos caminos. \u2022 Prolonga la vida \u00fatil del amortiguador \u2022 Mejora notoriamente el efecto de frenado al disminuir el desplazamiento del veh\u00edculo hacia adelante. \u2022 Debido a la mejora en la suspensi\u00f3n, provee mayor estabilidad incrementando la seguridad al conducir en curvas. \u2022 Ayuda a incrementar la altura del veh\u00edculo. OBSEQUIO: Protege las llantas de tu auto del agua, polvo e impurezas con\u00a0#TireShield, que forma una capa hidrof\u00f3bica y anticontaminantes que puede durar hasta 10 lavadas y hasta 30 d\u00edas  NIMEXCOSUS*T\" \/>\n<meta property=\"og:url\" content=\"https:\/\/audesur.ec\/tienda\/producto\/complemento-de-suspension-novin-2-pares-mas-obsequio\/\" \/>\n<meta property=\"og:site_name\" content=\"Accesorios Nissan &amp; Renault, Quito\" \/>\n<meta property=\"article:modified_time\" content=\"2025-10-15T16:43:26+00:00\" \/>\n<meta property=\"og:image\" content=\"https:\/\/audesur.ec\/tienda\/wp-content\/uploads\/2022\/08\/CATALOGO-ACC-NISSAN-ABRIL22_page60_image258.png\" \/>\n\t<meta property=\"og:image:width\" content=\"392\" \/>\n\t<meta property=\"og:image:height\" content=\"238\" \/>\n\t<meta property=\"og:image:type\" content=\"image\/png\" \/>\n<meta name=\"twitter:card\" content=\"summary_large_image\" \/>\n<script type=\"application\/ld+json\" class=\"yoast-schema-graph\">{\"@context\":\"https:\/\/schema.org\",\"@graph\":[{\"@type\":\"WebPage\",\"@id\":\"https:\/\/audesur.ec\/tienda\/producto\/complemento-de-suspension-novin-2-pares-mas-obsequio\/\",\"url\":\"https:\/\/audesur.ec\/tienda\/producto\/complemento-de-suspension-novin-2-pares-mas-obsequio\/\",\"name\":\"PROTECTOR DE SUSPENSI\u00d3N NOVIN - Accesorios Nissan &amp; Renault, Quito\",\"isPartOf\":{\"@id\":\"https:\/\/audesur.ec\/tienda\/#website\"},\"datePublished\":\"2022-10-31T17:42:51+00:00\",\"dateModified\":\"2025-10-15T16:43:26+00:00\",\"breadcrumb\":{\"@id\":\"https:\/\/audesur.ec\/tienda\/producto\/complemento-de-suspension-novin-2-pares-mas-obsequio\/#breadcrumb\"},\"inLanguage\":\"es\",\"potentialAction\":[{\"@type\":\"ReadAction\",\"target\":[\"https:\/\/audesur.ec\/tienda\/producto\/complemento-de-suspension-novin-2-pares-mas-obsequio\/\"]}]},{\"@type\":\"BreadcrumbList\",\"@id\":\"https:\/\/audesur.ec\/tienda\/producto\/complemento-de-suspension-novin-2-pares-mas-obsequio\/#breadcrumb\",\"itemListElement\":[{\"@type\":\"ListItem\",\"position\":1,\"name\":\"Portada\",\"item\":\"https:\/\/audesur.ec\/tienda\/\"},{\"@type\":\"ListItem\",\"position\":2,\"name\":\"Tienda\",\"item\":\"https:\/\/audesur.ec\/tienda\/tienda\/\"},{\"@type\":\"ListItem\",\"position\":3,\"name\":\"PROTECTOR DE SUSPENSI\u00d3N NOVIN\"}]},{\"@type\":\"WebSite\",\"@id\":\"https:\/\/audesur.ec\/tienda\/#website\",\"url\":\"https:\/\/audesur.ec\/tienda\/\",\"name\":\"Accesorios Nissan &amp; Renault, Quito\",\"description\":\"Venta de accesorios NISSAN y RENAULT\",\"publisher\":{\"@id\":\"https:\/\/audesur.ec\/tienda\/#organization\"},\"potentialAction\":[{\"@type\":\"SearchAction\",\"target\":{\"@type\":\"EntryPoint\",\"urlTemplate\":\"https:\/\/audesur.ec\/tienda\/?s={search_term_string}\"},\"query-input\":\"required name=search_term_string\"}],\"inLanguage\":\"es\"},{\"@type\":\"Organization\",\"@id\":\"https:\/\/audesur.ec\/tienda\/#organization\",\"name\":\"Accesorios Nissan &amp; Renault, Quito\",\"url\":\"https:\/\/audesur.ec\/tienda\/\",\"logo\":{\"@type\":\"ImageObject\",\"inLanguage\":\"es\",\"@id\":\"https:\/\/audesur.ec\/tienda\/#\/schema\/logo\/image\/\",\"url\":\"https:\/\/audesur.ec\/tienda\/wp-content\/uploads\/2023\/03\/cropped-audesur-logo-1-1.png\",\"contentUrl\":\"https:\/\/audesur.ec\/tienda\/wp-content\/uploads\/2023\/03\/cropped-audesur-logo-1-1.png\",\"width\":297,\"height\":70,\"caption\":\"Accesorios Nissan &amp; Renault, Quito\"},\"image\":{\"@id\":\"https:\/\/audesur.ec\/tienda\/#\/schema\/logo\/image\/\"}}]}<\/script>\n<!-- \/ Yoast SEO plugin. -->","yoast_head_json":{"title":"PROTECTOR DE SUSPENSI\u00d3N NOVIN - Accesorios Nissan &amp; Renault, Quito","robots":{"index":"index","follow":"follow","max-snippet":"max-snippet:-1","max-image-preview":"max-image-preview:large","max-video-preview":"max-video-preview:-1"},"canonical":"https:\/\/audesur.ec\/tienda\/producto\/complemento-de-suspension-novin-2-pares-mas-obsequio\/","og_locale":"es_ES","og_type":"article","og_title":"PROTECTOR DE SUSPENSI\u00d3N NOVIN - Accesorios Nissan &amp; Renault, Quito","og_description":"Desarrollo automotriz europeo de \u00faltima tecnolog\u00eda que se coloca en los espirales de los veh\u00edculos mejorando ostensiblemente el desempe\u00f1o de la suspensi\u00f3n. Absorbe el impacto en baches y malos caminos, torna el veh\u00edculo m\u00e1s estable al conducir a alta velocidad, reduce la inclinaci\u00f3n del veh\u00edculo en las curvas.  Beneficios \u2022 Absorbe hasta un 80% los impactos al caer en baches o recorrer por malos caminos. \u2022 Prolonga la vida \u00fatil del amortiguador \u2022 Mejora notoriamente el efecto de frenado al disminuir el desplazamiento del veh\u00edculo hacia adelante. \u2022 Debido a la mejora en la suspensi\u00f3n, provee mayor estabilidad incrementando la seguridad al conducir en curvas. \u2022 Ayuda a incrementar la altura del veh\u00edculo. OBSEQUIO: Protege las llantas de tu auto del agua, polvo e impurezas con\u00a0#TireShield, que forma una capa hidrof\u00f3bica y anticontaminantes que puede durar hasta 10 lavadas y hasta 30 d\u00edas  NIMEXCOSUS*T","og_url":"https:\/\/audesur.ec\/tienda\/producto\/complemento-de-suspension-novin-2-pares-mas-obsequio\/","og_site_name":"Accesorios Nissan &amp; Renault, Quito","article_modified_time":"2025-10-15T16:43:26+00:00","og_image":[{"width":392,"height":238,"url":"https:\/\/audesur.ec\/tienda\/wp-content\/uploads\/2022\/08\/CATALOGO-ACC-NISSAN-ABRIL22_page60_image258.png","type":"image\/png"}],"twitter_card":"summary_large_image","schema":{"@context":"https:\/\/schema.org","@graph":[{"@type":"WebPage","@id":"https:\/\/audesur.ec\/tienda\/producto\/complemento-de-suspension-novin-2-pares-mas-obsequio\/","url":"https:\/\/audesur.ec\/tienda\/producto\/complemento-de-suspension-novin-2-pares-mas-obsequio\/","name":"PROTECTOR DE SUSPENSI\u00d3N NOVIN - Accesorios Nissan &amp; Renault, Quito","isPartOf":{"@id":"https:\/\/audesur.ec\/tienda\/#website"},"datePublished":"2022-10-31T17:42:51+00:00","dateModified":"2025-10-15T16:43:26+00:00","breadcrumb":{"@id":"https:\/\/audesur.ec\/tienda\/producto\/complemento-de-suspension-novin-2-pares-mas-obsequio\/#breadcrumb"},"inLanguage":"es","potentialAction":[{"@type":"ReadAction","target":["https:\/\/audesur.ec\/tienda\/producto\/complemento-de-suspension-novin-2-pares-mas-obsequio\/"]}]},{"@type":"BreadcrumbList","@id":"https:\/\/audesur.ec\/tienda\/producto\/complemento-de-suspension-novin-2-pares-mas-obsequio\/#breadcrumb","itemListElement":[{"@type":"ListItem","position":1,"name":"Portada","item":"https:\/\/audesur.ec\/tienda\/"},{"@type":"ListItem","position":2,"name":"Tienda","item":"https:\/\/audesur.ec\/tienda\/tienda\/"},{"@type":"ListItem","position":3,"name":"PROTECTOR DE SUSPENSI\u00d3N NOVIN"}]},{"@type":"WebSite","@id":"https:\/\/audesur.ec\/tienda\/#website","url":"https:\/\/audesur.ec\/tienda\/","name":"Accesorios Nissan &amp; Renault, Quito","description":"Venta de accesorios NISSAN y RENAULT","publisher":{"@id":"https:\/\/audesur.ec\/tienda\/#organization"},"potentialAction":[{"@type":"SearchAction","target":{"@type":"EntryPoint","urlTemplate":"https:\/\/audesur.ec\/tienda\/?s={search_term_string}"},"query-input":"required name=search_term_string"}],"inLanguage":"es"},{"@type":"Organization","@id":"https:\/\/audesur.ec\/tienda\/#organization","name":"Accesorios Nissan &amp; Renault, Quito","url":"https:\/\/audesur.ec\/tienda\/","logo":{"@type":"ImageObject","inLanguage":"es","@id":"https:\/\/audesur.ec\/tienda\/#\/schema\/logo\/image\/","url":"https:\/\/audesur.ec\/tienda\/wp-content\/uploads\/2023\/03\/cropped-audesur-logo-1-1.png","contentUrl":"https:\/\/audesur.ec\/tienda\/wp-content\/uploads\/2023\/03\/cropped-audesur-logo-1-1.png","width":297,"height":70,"caption":"Accesorios Nissan &amp; Renault, Quito"},"image":{"@id":"https:\/\/audesur.ec\/tienda\/#\/schema\/logo\/image\/"}}]}},"_links":{"self":[{"href":"https:\/\/audesur.ec\/tienda\/wp-json\/wp\/v2\/product\/730","targetHints":{"allow":["GET"]}}],"collection":[{"href":"https:\/\/audesur.ec\/tienda\/wp-json\/wp\/v2\/product"}],"about":[{"href":"https:\/\/audesur.ec\/tienda\/wp-json\/wp\/v2\/types\/product"}],"wp:featuredmedia":[{"embeddable":true,"href":"https:\/\/audesur.ec\/tienda\/wp-json\/wp\/v2\/media\/238"}],"wp:attachment":[{"href":"https:\/\/audesur.ec\/tienda\/wp-json\/wp\/v2\/media?parent=730"}],"wp:term":[{"taxonomy":"product_cat","embeddable":true,"href":"https:\/\/audesur.ec\/tienda\/wp-json\/wp\/v2\/product_cat?post=730"},{"taxonomy":"product_tag","embeddable":true,"href":"https:\/\/audesur.ec\/tienda\/wp-json\/wp\/v2\/product_tag?post=730"}],"curies":[{"name":"wp","href":"https:\/\/api.w.org\/{rel}","templated":true}]}}