{"id":599,"date":"2022-08-08T17:52:31","date_gmt":"2022-08-08T17:52:31","guid":{"rendered":"https:\/\/audesur.ec\/tienda\/?post_type=product&#038;p=599"},"modified":"2024-05-01T16:11:33","modified_gmt":"2024-05-01T16:11:33","slug":"sonax","status":"publish","type":"product","link":"https:\/\/audesur.ec\/tienda\/producto\/sonax\/","title":{"rendered":"SONAX"},"content":{"rendered":"","protected":false},"excerpt":{"rendered":"<p>Limpia el aire acondicionado y los sistemas de ventilaci\u00f3n. Elimina los malos olores y confiere un aroma fresco. Aplicaci\u00f3n super f\u00e1cil! El sistema de aire acondicionado es un medio ideal para los g\u00e9rmenes da\u00f1inos. SONAX Limpiador del aire acondicionado AirAid asegura una higiene duradera del aire de forma r\u00e1pida y f\u00e1cil y elimina los olores desagradables. Protecci\u00f3n duradera si se usa regularmente cada 6 meses.<\/p>\n","protected":false},"featured_media":600,"template":"","meta":{"_monsterinsights_skip_tracking":false,"_monsterinsights_sitenote_active":false,"_monsterinsights_sitenote_note":"","_monsterinsights_sitenote_category":0},"product_cat":[34,33,24,31,30,23,20,26,27,21,28,29,18,22],"product_tag":[],"class_list":["post-599","product","type-product","status-publish","has-post-thumbnail","hentry","product_cat-all","product_cat-boutique-renault","product_cat-boutique","product_cat-captur","product_cat-duster","product_cat-frontier","product_cat-kicks","product_cat-kwid","product_cat-logan","product_cat-qashqai","product_cat-sandero","product_cat-stepway","product_cat-versa","product_cat-xtrail"],"aioseo_notices":[],"yoast_head":"<!-- This site is optimized with the Yoast SEO plugin v20.1 - https:\/\/yoast.com\/wordpress\/plugins\/seo\/ -->\n<title>SONAX - Accesorios Nissan &amp; Renault, Quito<\/title>\n<meta name=\"robots\" content=\"index, follow, max-snippet:-1, max-image-preview:large, max-video-preview:-1\" \/>\n<link rel=\"canonical\" href=\"https:\/\/audesur.ec\/tienda\/producto\/sonax\/\" \/>\n<meta property=\"og:locale\" content=\"es_ES\" \/>\n<meta property=\"og:type\" content=\"article\" \/>\n<meta property=\"og:title\" content=\"SONAX - Accesorios Nissan &amp; Renault, Quito\" \/>\n<meta property=\"og:description\" content=\"Limpia el aire acondicionado y los sistemas de ventilaci\u00f3n. Elimina los malos olores y confiere un aroma fresco. Aplicaci\u00f3n super f\u00e1cil! El sistema de aire acondicionado es un medio ideal para los g\u00e9rmenes da\u00f1inos. SONAX Limpiador del aire acondicionado AirAid asegura una higiene duradera del aire de forma r\u00e1pida y f\u00e1cil y elimina los olores desagradables. Protecci\u00f3n duradera si se usa regularmente cada 6 meses.\" \/>\n<meta property=\"og:url\" content=\"https:\/\/audesur.ec\/tienda\/producto\/sonax\/\" \/>\n<meta property=\"og:site_name\" content=\"Accesorios Nissan &amp; Renault, Quito\" \/>\n<meta property=\"article:modified_time\" content=\"2024-05-01T16:11:33+00:00\" \/>\n<meta property=\"og:image\" content=\"https:\/\/audesur.ec\/tienda\/wp-content\/uploads\/2022\/08\/WhatsApp-Image-2022-08-08-at-9.58.47-AM-1.jpeg\" \/>\n\t<meta property=\"og:image:width\" content=\"1280\" \/>\n\t<meta property=\"og:image:height\" content=\"622\" \/>\n\t<meta property=\"og:image:type\" content=\"image\/jpeg\" \/>\n<meta name=\"twitter:card\" content=\"summary_large_image\" \/>\n<script type=\"application\/ld+json\" class=\"yoast-schema-graph\">{\"@context\":\"https:\/\/schema.org\",\"@graph\":[{\"@type\":\"WebPage\",\"@id\":\"https:\/\/audesur.ec\/tienda\/producto\/sonax\/\",\"url\":\"https:\/\/audesur.ec\/tienda\/producto\/sonax\/\",\"name\":\"SONAX - Accesorios Nissan &amp; Renault, Quito\",\"isPartOf\":{\"@id\":\"https:\/\/audesur.ec\/tienda\/#website\"},\"datePublished\":\"2022-08-08T17:52:31+00:00\",\"dateModified\":\"2024-05-01T16:11:33+00:00\",\"breadcrumb\":{\"@id\":\"https:\/\/audesur.ec\/tienda\/producto\/sonax\/#breadcrumb\"},\"inLanguage\":\"es\",\"potentialAction\":[{\"@type\":\"ReadAction\",\"target\":[\"https:\/\/audesur.ec\/tienda\/producto\/sonax\/\"]}]},{\"@type\":\"BreadcrumbList\",\"@id\":\"https:\/\/audesur.ec\/tienda\/producto\/sonax\/#breadcrumb\",\"itemListElement\":[{\"@type\":\"ListItem\",\"position\":1,\"name\":\"Portada\",\"item\":\"https:\/\/audesur.ec\/tienda\/\"},{\"@type\":\"ListItem\",\"position\":2,\"name\":\"Tienda\",\"item\":\"https:\/\/audesur.ec\/tienda\/tienda\/\"},{\"@type\":\"ListItem\",\"position\":3,\"name\":\"SONAX\"}]},{\"@type\":\"WebSite\",\"@id\":\"https:\/\/audesur.ec\/tienda\/#website\",\"url\":\"https:\/\/audesur.ec\/tienda\/\",\"name\":\"Accesorios Nissan &amp; Renault, Quito\",\"description\":\"Venta de accesorios NISSAN y RENAULT\",\"publisher\":{\"@id\":\"https:\/\/audesur.ec\/tienda\/#organization\"},\"potentialAction\":[{\"@type\":\"SearchAction\",\"target\":{\"@type\":\"EntryPoint\",\"urlTemplate\":\"https:\/\/audesur.ec\/tienda\/?s={search_term_string}\"},\"query-input\":\"required name=search_term_string\"}],\"inLanguage\":\"es\"},{\"@type\":\"Organization\",\"@id\":\"https:\/\/audesur.ec\/tienda\/#organization\",\"name\":\"Accesorios Nissan &amp; Renault, Quito\",\"url\":\"https:\/\/audesur.ec\/tienda\/\",\"logo\":{\"@type\":\"ImageObject\",\"inLanguage\":\"es\",\"@id\":\"https:\/\/audesur.ec\/tienda\/#\/schema\/logo\/image\/\",\"url\":\"https:\/\/audesur.ec\/tienda\/wp-content\/uploads\/2023\/03\/cropped-audesur-logo-1-1.png\",\"contentUrl\":\"https:\/\/audesur.ec\/tienda\/wp-content\/uploads\/2023\/03\/cropped-audesur-logo-1-1.png\",\"width\":297,\"height\":70,\"caption\":\"Accesorios Nissan &amp; Renault, Quito\"},\"image\":{\"@id\":\"https:\/\/audesur.ec\/tienda\/#\/schema\/logo\/image\/\"}}]}<\/script>\n<!-- \/ Yoast SEO plugin. -->","yoast_head_json":{"title":"SONAX - Accesorios Nissan &amp; Renault, Quito","robots":{"index":"index","follow":"follow","max-snippet":"max-snippet:-1","max-image-preview":"max-image-preview:large","max-video-preview":"max-video-preview:-1"},"canonical":"https:\/\/audesur.ec\/tienda\/producto\/sonax\/","og_locale":"es_ES","og_type":"article","og_title":"SONAX - Accesorios Nissan &amp; Renault, Quito","og_description":"Limpia el aire acondicionado y los sistemas de ventilaci\u00f3n. Elimina los malos olores y confiere un aroma fresco. Aplicaci\u00f3n super f\u00e1cil! El sistema de aire acondicionado es un medio ideal para los g\u00e9rmenes da\u00f1inos. SONAX Limpiador del aire acondicionado AirAid asegura una higiene duradera del aire de forma r\u00e1pida y f\u00e1cil y elimina los olores desagradables. Protecci\u00f3n duradera si se usa regularmente cada 6 meses.","og_url":"https:\/\/audesur.ec\/tienda\/producto\/sonax\/","og_site_name":"Accesorios Nissan &amp; Renault, Quito","article_modified_time":"2024-05-01T16:11:33+00:00","og_image":[{"width":1280,"height":622,"url":"https:\/\/audesur.ec\/tienda\/wp-content\/uploads\/2022\/08\/WhatsApp-Image-2022-08-08-at-9.58.47-AM-1.jpeg","type":"image\/jpeg"}],"twitter_card":"summary_large_image","schema":{"@context":"https:\/\/schema.org","@graph":[{"@type":"WebPage","@id":"https:\/\/audesur.ec\/tienda\/producto\/sonax\/","url":"https:\/\/audesur.ec\/tienda\/producto\/sonax\/","name":"SONAX - Accesorios Nissan &amp; Renault, Quito","isPartOf":{"@id":"https:\/\/audesur.ec\/tienda\/#website"},"datePublished":"2022-08-08T17:52:31+00:00","dateModified":"2024-05-01T16:11:33+00:00","breadcrumb":{"@id":"https:\/\/audesur.ec\/tienda\/producto\/sonax\/#breadcrumb"},"inLanguage":"es","potentialAction":[{"@type":"ReadAction","target":["https:\/\/audesur.ec\/tienda\/producto\/sonax\/"]}]},{"@type":"BreadcrumbList","@id":"https:\/\/audesur.ec\/tienda\/producto\/sonax\/#breadcrumb","itemListElement":[{"@type":"ListItem","position":1,"name":"Portada","item":"https:\/\/audesur.ec\/tienda\/"},{"@type":"ListItem","position":2,"name":"Tienda","item":"https:\/\/audesur.ec\/tienda\/tienda\/"},{"@type":"ListItem","position":3,"name":"SONAX"}]},{"@type":"WebSite","@id":"https:\/\/audesur.ec\/tienda\/#website","url":"https:\/\/audesur.ec\/tienda\/","name":"Accesorios Nissan &amp; Renault, Quito","description":"Venta de accesorios NISSAN y RENAULT","publisher":{"@id":"https:\/\/audesur.ec\/tienda\/#organization"},"potentialAction":[{"@type":"SearchAction","target":{"@type":"EntryPoint","urlTemplate":"https:\/\/audesur.ec\/tienda\/?s={search_term_string}"},"query-input":"required name=search_term_string"}],"inLanguage":"es"},{"@type":"Organization","@id":"https:\/\/audesur.ec\/tienda\/#organization","name":"Accesorios Nissan &amp; Renault, Quito","url":"https:\/\/audesur.ec\/tienda\/","logo":{"@type":"ImageObject","inLanguage":"es","@id":"https:\/\/audesur.ec\/tienda\/#\/schema\/logo\/image\/","url":"https:\/\/audesur.ec\/tienda\/wp-content\/uploads\/2023\/03\/cropped-audesur-logo-1-1.png","contentUrl":"https:\/\/audesur.ec\/tienda\/wp-content\/uploads\/2023\/03\/cropped-audesur-logo-1-1.png","width":297,"height":70,"caption":"Accesorios Nissan &amp; Renault, Quito"},"image":{"@id":"https:\/\/audesur.ec\/tienda\/#\/schema\/logo\/image\/"}}]}},"_links":{"self":[{"href":"https:\/\/audesur.ec\/tienda\/wp-json\/wp\/v2\/product\/599","targetHints":{"allow":["GET"]}}],"collection":[{"href":"https:\/\/audesur.ec\/tienda\/wp-json\/wp\/v2\/product"}],"about":[{"href":"https:\/\/audesur.ec\/tienda\/wp-json\/wp\/v2\/types\/product"}],"wp:featuredmedia":[{"embeddable":true,"href":"https:\/\/audesur.ec\/tienda\/wp-json\/wp\/v2\/media\/600"}],"wp:attachment":[{"href":"https:\/\/audesur.ec\/tienda\/wp-json\/wp\/v2\/media?parent=599"}],"wp:term":[{"taxonomy":"product_cat","embeddable":true,"href":"https:\/\/audesur.ec\/tienda\/wp-json\/wp\/v2\/product_cat?post=599"},{"taxonomy":"product_tag","embeddable":true,"href":"https:\/\/audesur.ec\/tienda\/wp-json\/wp\/v2\/product_tag?post=599"}],"curies":[{"name":"wp","href":"https:\/\/api.w.org\/{rel}","templated":true}]}}