{"id":392,"date":"2022-08-02T21:42:23","date_gmt":"2022-08-02T21:42:23","guid":{"rendered":"https:\/\/audesur.ec\/tienda\/?post_type=product&#038;p=392"},"modified":"2024-05-01T16:13:37","modified_gmt":"2024-05-01T16:13:37","slug":"fragancia-renault","status":"publish","type":"product","link":"https:\/\/audesur.ec\/tienda\/producto\/fragancia-renault\/","title":{"rendered":"FRAGANCIA RENAULT"},"content":{"rendered":"<ul class=\"a-unordered-list a-vertical a-spacing-mini\">\n<li><span class=\"a-list-item\">Ambientador pr\u00e9mium formulado con fragancias \u00fanicas dise\u00f1adas para oler como un coche nuevo<\/span><\/li>\n<li><span class=\"a-list-item\">Ambientador enzim\u00e1tico natural: Trabaja eliminando olores y reduciendo nuevos olores. Esta nueva f\u00f3rmula revolucionaria funciona de forma enzim\u00e1tica.<\/span><\/li>\n<li><span class=\"a-list-item\">La calidad superior del perfume proporciona fuertes capacidades desodorizantes; dura semanas<\/span><\/li>\n<li><span class=\"a-list-item\">Un aerosol es todo lo que necesitas para un veh\u00edculo de tama\u00f1o completo. Recrea la magia de un coche nuevo<\/span><\/li>\n<\/ul>\n","protected":false},"excerpt":{"rendered":"<p>\u258c BOUTIFRAGANCIAR<\/p>\n","protected":false},"featured_media":505,"template":"","meta":{"_monsterinsights_skip_tracking":false,"_monsterinsights_sitenote_active":false,"_monsterinsights_sitenote_note":"","_monsterinsights_sitenote_category":0},"product_cat":[35,31,30,26,27,28,29],"product_tag":[],"class_list":["post-392","product","type-product","status-publish","has-post-thumbnail","hentry","product_cat-allr","product_cat-captur","product_cat-duster","product_cat-kwid","product_cat-logan","product_cat-sandero","product_cat-stepway"],"aioseo_notices":[],"yoast_head":"<!-- This site is optimized with the Yoast SEO plugin v20.1 - https:\/\/yoast.com\/wordpress\/plugins\/seo\/ -->\n<title>FRAGANCIA RENAULT - Accesorios Nissan &amp; Renault, Quito<\/title>\n<meta name=\"robots\" content=\"index, follow, max-snippet:-1, max-image-preview:large, max-video-preview:-1\" \/>\n<link rel=\"canonical\" href=\"https:\/\/audesur.ec\/tienda\/producto\/fragancia-renault\/\" \/>\n<meta property=\"og:locale\" content=\"es_ES\" \/>\n<meta property=\"og:type\" content=\"article\" \/>\n<meta property=\"og:title\" content=\"FRAGANCIA RENAULT - Accesorios Nissan &amp; Renault, Quito\" \/>\n<meta property=\"og:description\" content=\"\u258c BOUTIFRAGANCIAR\" \/>\n<meta property=\"og:url\" content=\"https:\/\/audesur.ec\/tienda\/producto\/fragancia-renault\/\" \/>\n<meta property=\"og:site_name\" content=\"Accesorios Nissan &amp; Renault, Quito\" \/>\n<meta property=\"article:modified_time\" content=\"2024-05-01T16:13:37+00:00\" \/>\n<meta property=\"og:image\" content=\"https:\/\/audesur.ec\/tienda\/wp-content\/uploads\/2022\/08\/WhatsApp-Image-2022-08-03-at-11.25.24-AM.jpeg\" \/>\n\t<meta property=\"og:image:width\" content=\"1280\" \/>\n\t<meta property=\"og:image:height\" content=\"960\" \/>\n\t<meta property=\"og:image:type\" content=\"image\/jpeg\" \/>\n<meta name=\"twitter:card\" content=\"summary_large_image\" \/>\n<meta name=\"twitter:label1\" content=\"Tiempo de lectura\" \/>\n\t<meta name=\"twitter:data1\" content=\"1 minuto\" \/>\n<script type=\"application\/ld+json\" class=\"yoast-schema-graph\">{\"@context\":\"https:\/\/schema.org\",\"@graph\":[{\"@type\":\"WebPage\",\"@id\":\"https:\/\/audesur.ec\/tienda\/producto\/fragancia-renault\/\",\"url\":\"https:\/\/audesur.ec\/tienda\/producto\/fragancia-renault\/\",\"name\":\"FRAGANCIA RENAULT - Accesorios Nissan &amp; Renault, Quito\",\"isPartOf\":{\"@id\":\"https:\/\/audesur.ec\/tienda\/#website\"},\"datePublished\":\"2022-08-02T21:42:23+00:00\",\"dateModified\":\"2024-05-01T16:13:37+00:00\",\"breadcrumb\":{\"@id\":\"https:\/\/audesur.ec\/tienda\/producto\/fragancia-renault\/#breadcrumb\"},\"inLanguage\":\"es\",\"potentialAction\":[{\"@type\":\"ReadAction\",\"target\":[\"https:\/\/audesur.ec\/tienda\/producto\/fragancia-renault\/\"]}]},{\"@type\":\"BreadcrumbList\",\"@id\":\"https:\/\/audesur.ec\/tienda\/producto\/fragancia-renault\/#breadcrumb\",\"itemListElement\":[{\"@type\":\"ListItem\",\"position\":1,\"name\":\"Portada\",\"item\":\"https:\/\/audesur.ec\/tienda\/\"},{\"@type\":\"ListItem\",\"position\":2,\"name\":\"Tienda\",\"item\":\"https:\/\/audesur.ec\/tienda\/tienda\/\"},{\"@type\":\"ListItem\",\"position\":3,\"name\":\"FRAGANCIA RENAULT\"}]},{\"@type\":\"WebSite\",\"@id\":\"https:\/\/audesur.ec\/tienda\/#website\",\"url\":\"https:\/\/audesur.ec\/tienda\/\",\"name\":\"Accesorios Nissan &amp; Renault, Quito\",\"description\":\"Venta de accesorios NISSAN y RENAULT\",\"publisher\":{\"@id\":\"https:\/\/audesur.ec\/tienda\/#organization\"},\"potentialAction\":[{\"@type\":\"SearchAction\",\"target\":{\"@type\":\"EntryPoint\",\"urlTemplate\":\"https:\/\/audesur.ec\/tienda\/?s={search_term_string}\"},\"query-input\":\"required name=search_term_string\"}],\"inLanguage\":\"es\"},{\"@type\":\"Organization\",\"@id\":\"https:\/\/audesur.ec\/tienda\/#organization\",\"name\":\"Accesorios Nissan &amp; Renault, Quito\",\"url\":\"https:\/\/audesur.ec\/tienda\/\",\"logo\":{\"@type\":\"ImageObject\",\"inLanguage\":\"es\",\"@id\":\"https:\/\/audesur.ec\/tienda\/#\/schema\/logo\/image\/\",\"url\":\"https:\/\/audesur.ec\/tienda\/wp-content\/uploads\/2023\/03\/cropped-audesur-logo-1-1.png\",\"contentUrl\":\"https:\/\/audesur.ec\/tienda\/wp-content\/uploads\/2023\/03\/cropped-audesur-logo-1-1.png\",\"width\":297,\"height\":70,\"caption\":\"Accesorios Nissan &amp; Renault, Quito\"},\"image\":{\"@id\":\"https:\/\/audesur.ec\/tienda\/#\/schema\/logo\/image\/\"}}]}<\/script>\n<!-- \/ Yoast SEO plugin. -->","yoast_head_json":{"title":"FRAGANCIA RENAULT - Accesorios Nissan &amp; Renault, Quito","robots":{"index":"index","follow":"follow","max-snippet":"max-snippet:-1","max-image-preview":"max-image-preview:large","max-video-preview":"max-video-preview:-1"},"canonical":"https:\/\/audesur.ec\/tienda\/producto\/fragancia-renault\/","og_locale":"es_ES","og_type":"article","og_title":"FRAGANCIA RENAULT - Accesorios Nissan &amp; Renault, Quito","og_description":"\u258c BOUTIFRAGANCIAR","og_url":"https:\/\/audesur.ec\/tienda\/producto\/fragancia-renault\/","og_site_name":"Accesorios Nissan &amp; Renault, Quito","article_modified_time":"2024-05-01T16:13:37+00:00","og_image":[{"width":1280,"height":960,"url":"https:\/\/audesur.ec\/tienda\/wp-content\/uploads\/2022\/08\/WhatsApp-Image-2022-08-03-at-11.25.24-AM.jpeg","type":"image\/jpeg"}],"twitter_card":"summary_large_image","twitter_misc":{"Tiempo de lectura":"1 minuto"},"schema":{"@context":"https:\/\/schema.org","@graph":[{"@type":"WebPage","@id":"https:\/\/audesur.ec\/tienda\/producto\/fragancia-renault\/","url":"https:\/\/audesur.ec\/tienda\/producto\/fragancia-renault\/","name":"FRAGANCIA RENAULT - Accesorios Nissan &amp; Renault, Quito","isPartOf":{"@id":"https:\/\/audesur.ec\/tienda\/#website"},"datePublished":"2022-08-02T21:42:23+00:00","dateModified":"2024-05-01T16:13:37+00:00","breadcrumb":{"@id":"https:\/\/audesur.ec\/tienda\/producto\/fragancia-renault\/#breadcrumb"},"inLanguage":"es","potentialAction":[{"@type":"ReadAction","target":["https:\/\/audesur.ec\/tienda\/producto\/fragancia-renault\/"]}]},{"@type":"BreadcrumbList","@id":"https:\/\/audesur.ec\/tienda\/producto\/fragancia-renault\/#breadcrumb","itemListElement":[{"@type":"ListItem","position":1,"name":"Portada","item":"https:\/\/audesur.ec\/tienda\/"},{"@type":"ListItem","position":2,"name":"Tienda","item":"https:\/\/audesur.ec\/tienda\/tienda\/"},{"@type":"ListItem","position":3,"name":"FRAGANCIA RENAULT"}]},{"@type":"WebSite","@id":"https:\/\/audesur.ec\/tienda\/#website","url":"https:\/\/audesur.ec\/tienda\/","name":"Accesorios Nissan &amp; Renault, Quito","description":"Venta de accesorios NISSAN y RENAULT","publisher":{"@id":"https:\/\/audesur.ec\/tienda\/#organization"},"potentialAction":[{"@type":"SearchAction","target":{"@type":"EntryPoint","urlTemplate":"https:\/\/audesur.ec\/tienda\/?s={search_term_string}"},"query-input":"required name=search_term_string"}],"inLanguage":"es"},{"@type":"Organization","@id":"https:\/\/audesur.ec\/tienda\/#organization","name":"Accesorios Nissan &amp; Renault, Quito","url":"https:\/\/audesur.ec\/tienda\/","logo":{"@type":"ImageObject","inLanguage":"es","@id":"https:\/\/audesur.ec\/tienda\/#\/schema\/logo\/image\/","url":"https:\/\/audesur.ec\/tienda\/wp-content\/uploads\/2023\/03\/cropped-audesur-logo-1-1.png","contentUrl":"https:\/\/audesur.ec\/tienda\/wp-content\/uploads\/2023\/03\/cropped-audesur-logo-1-1.png","width":297,"height":70,"caption":"Accesorios Nissan &amp; Renault, Quito"},"image":{"@id":"https:\/\/audesur.ec\/tienda\/#\/schema\/logo\/image\/"}}]}},"_links":{"self":[{"href":"https:\/\/audesur.ec\/tienda\/wp-json\/wp\/v2\/product\/392","targetHints":{"allow":["GET"]}}],"collection":[{"href":"https:\/\/audesur.ec\/tienda\/wp-json\/wp\/v2\/product"}],"about":[{"href":"https:\/\/audesur.ec\/tienda\/wp-json\/wp\/v2\/types\/product"}],"wp:featuredmedia":[{"embeddable":true,"href":"https:\/\/audesur.ec\/tienda\/wp-json\/wp\/v2\/media\/505"}],"wp:attachment":[{"href":"https:\/\/audesur.ec\/tienda\/wp-json\/wp\/v2\/media?parent=392"}],"wp:term":[{"taxonomy":"product_cat","embeddable":true,"href":"https:\/\/audesur.ec\/tienda\/wp-json\/wp\/v2\/product_cat?post=392"},{"taxonomy":"product_tag","embeddable":true,"href":"https:\/\/audesur.ec\/tienda\/wp-json\/wp\/v2\/product_tag?post=392"}],"curies":[{"name":"wp","href":"https:\/\/api.w.org\/{rel}","templated":true}]}}