{"id":259,"date":"2022-08-02T16:40:20","date_gmt":"2022-08-02T16:40:20","guid":{"rendered":"https:\/\/audesur.ec\/tienda\/?post_type=product&#038;p=259"},"modified":"2025-01-30T13:14:49","modified_gmt":"2025-01-30T13:14:49","slug":"lamina-seguridad-charcol-8mm-suv-4-ventanas-posterior","status":"publish","type":"product","link":"https:\/\/audesur.ec\/tienda\/producto\/lamina-seguridad-charcol-8mm-suv-4-ventanas-posterior\/","title":{"rendered":"LAMINA DE SEGURIDAD"},"content":{"rendered":"","protected":false},"excerpt":{"rendered":"<p>La\u0301mina de seguridad es una peli\u0301cula pla\u0301stica (poli\u0301meros entrelazados) que una vez instalada correctamente, permite que el vidrio conserve su forma en caso de sufrir una rotura a causa de un agente exterior, como el conocido \u201cbujiazo\u201dutilizado por los ladrones para robar.<\/p>\n<p>Las L\u00e1minas de seguridad charcoal con control solar son permitidas por la ANT de Ecuador con tonalidad hasta 50%. Menos da\u00f1o en tu piel. Ventanas Polarizadas. Garant\u00eda Total. Menos rayos UV<\/p>\n<p><strong>LAMINA TRANPARENTE 8 MILIMETROS<\/strong><\/p>\n<table style=\"height: 23px;\" width=\"516\">\n<tbody>\n<tr>\n<td width=\"80\"><\/td>\n<td width=\"85\">4 VENTANAS<\/td>\n<td width=\"166\">4 VENTANAS + PARABRISAS POSTERIOR<\/td>\n<\/tr>\n<tr>\n<td><strong>SEDAN<\/strong><\/td>\n<td>\u00a0$\u00a0\u00a0\u00a0\u00a0\u00a0\u00a0\u00a0\u00a0 150.00<\/td>\n<td>\u00a0$\u00a0\u00a0\u00a0\u00a0\u00a0\u00a0\u00a0\u00a0\u00a0\u00a0\u00a0\u00a0\u00a0\u00a0\u00a0\u00a0\u00a0\u00a0\u00a0\u00a0\u00a0\u00a0\u00a0\u00a0\u00a0\u00a0\u00a0\u00a0\u00a0\u00a0\u00a0\u00a0\u00a0\u00a0\u00a0 160.00<\/td>\n<\/tr>\n<tr>\n<td><strong>SUV<\/strong><\/td>\n<td>\u00a0$\u00a0\u00a0\u00a0\u00a0\u00a0\u00a0\u00a0\u00a0 170.00<\/td>\n<td>\u00a0$\u00a0\u00a0\u00a0\u00a0\u00a0\u00a0\u00a0\u00a0\u00a0\u00a0\u00a0\u00a0\u00a0\u00a0\u00a0\u00a0\u00a0\u00a0\u00a0\u00a0\u00a0\u00a0\u00a0\u00a0\u00a0\u00a0\u00a0\u00a0\u00a0\u00a0\u00a0\u00a0\u00a0\u00a0\u00a0 180.00<\/td>\n<\/tr>\n<\/tbody>\n<\/table>\n<p><strong>LAMINA OSCURA 50% 8 MILIMETROS<\/strong><\/p>\n<table width=\"331\">\n<tbody>\n<tr>\n<td width=\"80\"><\/td>\n<td width=\"85\">4 VENTANAS<\/td>\n<td width=\"166\">4 VENTANAS +PARABRISAS POSTERIOR<\/td>\n<\/tr>\n<tr>\n<td><strong>SEDAN<\/strong><\/td>\n<td>\u00a0$\u00a0\u00a0\u00a0\u00a0\u00a0\u00a0\u00a0\u00a0 160.00<\/td>\n<td>\u00a0$\u00a0\u00a0\u00a0\u00a0\u00a0\u00a0\u00a0\u00a0\u00a0\u00a0\u00a0\u00a0\u00a0\u00a0\u00a0\u00a0\u00a0\u00a0\u00a0\u00a0\u00a0\u00a0\u00a0\u00a0\u00a0\u00a0\u00a0\u00a0\u00a0\u00a0\u00a0\u00a0\u00a0\u00a0\u00a0 170.00<\/td>\n<\/tr>\n<tr>\n<td><strong>SUV<\/strong><\/td>\n<td>\u00a0$\u00a0\u00a0\u00a0\u00a0\u00a0\u00a0\u00a0\u00a0 180.00<\/td>\n<td>\u00a0$\u00a0\u00a0\u00a0\u00a0\u00a0\u00a0\u00a0\u00a0\u00a0\u00a0\u00a0\u00a0\u00a0\u00a0\u00a0\u00a0\u00a0\u00a0\u00a0\u00a0\u00a0\u00a0\u00a0\u00a0\u00a0\u00a0\u00a0\u00a0\u00a0\u00a0\u00a0\u00a0\u00a0\u00a0\u00a0 190.00<\/td>\n<\/tr>\n<\/tbody>\n<\/table>\n<p><strong>LAMINA TRANPARENTE 12 MILIMETROS<\/strong><\/p>\n<table width=\"331\">\n<tbody>\n<tr>\n<td width=\"80\"><\/td>\n<td width=\"85\">4 VENTANAS<\/td>\n<td width=\"166\">4 VENTANAS +PARABRISAS POSTERIOR<\/td>\n<\/tr>\n<tr>\n<td><strong>SEDAN<\/strong><\/td>\n<td>\u00a0$\u00a0\u00a0\u00a0\u00a0\u00a0\u00a0\u00a0\u00a0 180.00<\/td>\n<td>\u00a0$\u00a0\u00a0\u00a0\u00a0\u00a0\u00a0\u00a0\u00a0\u00a0\u00a0\u00a0\u00a0\u00a0\u00a0\u00a0\u00a0\u00a0\u00a0\u00a0\u00a0\u00a0\u00a0\u00a0\u00a0\u00a0\u00a0\u00a0\u00a0\u00a0\u00a0\u00a0\u00a0\u00a0\u00a0\u00a0 190.00<\/td>\n<\/tr>\n<tr>\n<td><strong>SUV<\/strong><\/td>\n<td>\u00a0$\u00a0\u00a0\u00a0\u00a0\u00a0\u00a0\u00a0\u00a0 190.00<\/td>\n<td>\u00a0$\u00a0 \u00a0 \u00a0 \u00a0 \u00a0 \u00a0 \u00a0 \u00a0 \u00a0 \u00a0 \u00a0 \u00a0 \u00a0 \u00a0 \u00a0 \u00a0 \u00a0 \u00a0 210.00<\/td>\n<\/tr>\n<\/tbody>\n<\/table>\n<p><strong>LAMINA OSCURA 50% 12 MILIMETROS<\/strong><\/p>\n<table width=\"331\">\n<tbody>\n<tr>\n<td width=\"80\"><\/td>\n<td width=\"85\">4 VENTANAS<\/td>\n<td width=\"166\">4 VENTANAS +POSTERIOR<\/td>\n<\/tr>\n<tr>\n<td><strong>SEDAN<\/strong><\/td>\n<td>\u00a0$\u00a0\u00a0\u00a0\u00a0\u00a0\u00a0\u00a0\u00a0 180.00<\/td>\n<td>\u00a0$\u00a0\u00a0\u00a0\u00a0\u00a0\u00a0\u00a0\u00a0\u00a0\u00a0\u00a0\u00a0\u00a0\u00a0\u00a0\u00a0\u00a0\u00a0\u00a0\u00a0\u00a0\u00a0\u00a0\u00a0\u00a0\u00a0\u00a0\u00a0\u00a0\u00a0\u00a0\u00a0\u00a0\u00a0\u00a0 190.00<\/td>\n<\/tr>\n<tr>\n<td><strong>SUV<\/strong><\/td>\n<td>\u00a0$\u00a0 \u00a0 \u00a0 \u00a0 \u00a0200.00<\/td>\n<td>\u00a0$\u00a0 \u00a0 \u00a0 \u00a0 \u00a0 \u00a0 \u00a0 \u00a0 \u00a0 \u00a0 \u00a0 \u00a0 \u00a0 \u00a0 \u00a0 \u00a0 \u00a0 \u00a0 220.00<\/td>\n<\/tr>\n<\/tbody>\n<\/table>\n[embed]https:\/\/www.youtube.com\/watch?v=M9jNNX2ctBU[\/embed]\n","protected":false},"featured_media":964,"template":"","meta":{"_monsterinsights_skip_tracking":false,"_monsterinsights_sitenote_active":false,"_monsterinsights_sitenote_note":"","_monsterinsights_sitenote_category":0},"product_cat":[34,31,30,23,20,26,27,21,28,29,18,22,37],"product_tag":[],"class_list":["post-259","product","type-product","status-publish","has-post-thumbnail","hentry","product_cat-all","product_cat-captur","product_cat-duster","product_cat-frontier","product_cat-kicks","product_cat-kwid","product_cat-logan","product_cat-qashqai","product_cat-sandero","product_cat-stepway","product_cat-versa","product_cat-xtrail","product_cat-epower"],"aioseo_notices":[],"yoast_head":"<!-- This site is optimized with the Yoast SEO plugin v20.1 - https:\/\/yoast.com\/wordpress\/plugins\/seo\/ -->\n<title>LAMINA DE SEGURIDAD - Accesorios Nissan &amp; Renault, Quito<\/title>\n<meta name=\"robots\" content=\"index, follow, max-snippet:-1, max-image-preview:large, max-video-preview:-1\" \/>\n<link rel=\"canonical\" href=\"https:\/\/audesur.ec\/tienda\/producto\/lamina-seguridad-charcol-8mm-suv-4-ventanas-posterior\/\" \/>\n<meta property=\"og:locale\" content=\"es_ES\" \/>\n<meta property=\"og:type\" content=\"article\" \/>\n<meta property=\"og:title\" content=\"LAMINA DE SEGURIDAD - Accesorios Nissan &amp; Renault, Quito\" \/>\n<meta property=\"og:description\" content=\"La\u0301mina de seguridad es una peli\u0301cula pla\u0301stica (poli\u0301meros entrelazados) que una vez instalada correctamente, permite que el vidrio conserve su forma en caso de sufrir una rotura a causa de un agente exterior, como el conocido \u201cbujiazo\u201dutilizado por los ladrones para robar.  Las L\u00e1minas de seguridad charcoal con control solar son permitidas por la ANT de Ecuador con tonalidad hasta 50%. Menos da\u00f1o en tu piel. Ventanas Polarizadas. Garant\u00eda Total. Menos rayos UV  LAMINA TRANPARENTE 8 MILIMETROS     4 VENTANAS 4 VENTANAS + PARABRISAS POSTERIOR   SEDAN \u00a0$\u00a0\u00a0\u00a0\u00a0\u00a0\u00a0\u00a0\u00a0 150.00 \u00a0$\u00a0\u00a0\u00a0\u00a0\u00a0\u00a0\u00a0\u00a0\u00a0\u00a0\u00a0\u00a0\u00a0\u00a0\u00a0\u00a0\u00a0\u00a0\u00a0\u00a0\u00a0\u00a0\u00a0\u00a0\u00a0\u00a0\u00a0\u00a0\u00a0\u00a0\u00a0\u00a0\u00a0\u00a0\u00a0 160.00   SUV \u00a0$\u00a0\u00a0\u00a0\u00a0\u00a0\u00a0\u00a0\u00a0 170.00 \u00a0$\u00a0\u00a0\u00a0\u00a0\u00a0\u00a0\u00a0\u00a0\u00a0\u00a0\u00a0\u00a0\u00a0\u00a0\u00a0\u00a0\u00a0\u00a0\u00a0\u00a0\u00a0\u00a0\u00a0\u00a0\u00a0\u00a0\u00a0\u00a0\u00a0\u00a0\u00a0\u00a0\u00a0\u00a0\u00a0 180.00    LAMINA OSCURA 50% 8 MILIMETROS     4 VENTANAS 4 VENTANAS +PARABRISAS POSTERIOR   SEDAN \u00a0$\u00a0\u00a0\u00a0\u00a0\u00a0\u00a0\u00a0\u00a0 160.00 \u00a0$\u00a0\u00a0\u00a0\u00a0\u00a0\u00a0\u00a0\u00a0\u00a0\u00a0\u00a0\u00a0\u00a0\u00a0\u00a0\u00a0\u00a0\u00a0\u00a0\u00a0\u00a0\u00a0\u00a0\u00a0\u00a0\u00a0\u00a0\u00a0\u00a0\u00a0\u00a0\u00a0\u00a0\u00a0\u00a0 170.00   SUV \u00a0$\u00a0\u00a0\u00a0\u00a0\u00a0\u00a0\u00a0\u00a0 180.00 \u00a0$\u00a0\u00a0\u00a0\u00a0\u00a0\u00a0\u00a0\u00a0\u00a0\u00a0\u00a0\u00a0\u00a0\u00a0\u00a0\u00a0\u00a0\u00a0\u00a0\u00a0\u00a0\u00a0\u00a0\u00a0\u00a0\u00a0\u00a0\u00a0\u00a0\u00a0\u00a0\u00a0\u00a0\u00a0\u00a0 190.00    LAMINA TRANPARENTE 12 MILIMETROS     4 VENTANAS 4 VENTANAS +PARABRISAS POSTERIOR   SEDAN \u00a0$\u00a0\u00a0\u00a0\u00a0\u00a0\u00a0\u00a0\u00a0 180.00 \u00a0$\u00a0\u00a0\u00a0\u00a0\u00a0\u00a0\u00a0\u00a0\u00a0\u00a0\u00a0\u00a0\u00a0\u00a0\u00a0\u00a0\u00a0\u00a0\u00a0\u00a0\u00a0\u00a0\u00a0\u00a0\u00a0\u00a0\u00a0\u00a0\u00a0\u00a0\u00a0\u00a0\u00a0\u00a0\u00a0 190.00   SUV \u00a0$\u00a0\u00a0\u00a0\u00a0\u00a0\u00a0\u00a0\u00a0 190.00 \u00a0$\u00a0 \u00a0 \u00a0 \u00a0 \u00a0 \u00a0 \u00a0 \u00a0 \u00a0 \u00a0 \u00a0 \u00a0 \u00a0 \u00a0 \u00a0 \u00a0 \u00a0 \u00a0 210.00    LAMINA OSCURA 50% 12 MILIMETROS     4 VENTANAS 4 VENTANAS +POSTERIOR   SEDAN \u00a0$\u00a0\u00a0\u00a0\u00a0\u00a0\u00a0\u00a0\u00a0 180.00 \u00a0$\u00a0\u00a0\u00a0\u00a0\u00a0\u00a0\u00a0\u00a0\u00a0\u00a0\u00a0\u00a0\u00a0\u00a0\u00a0\u00a0\u00a0\u00a0\u00a0\u00a0\u00a0\u00a0\u00a0\u00a0\u00a0\u00a0\u00a0\u00a0\u00a0\u00a0\u00a0\u00a0\u00a0\u00a0\u00a0 190.00   SUV \u00a0$\u00a0 \u00a0 \u00a0 \u00a0 \u00a0200.00 \u00a0$\u00a0 \u00a0 \u00a0 \u00a0 \u00a0 \u00a0 \u00a0 \u00a0 \u00a0 \u00a0 \u00a0 \u00a0 \u00a0 \u00a0 \u00a0 \u00a0 \u00a0 \u00a0 220.00\" \/>\n<meta property=\"og:url\" content=\"https:\/\/audesur.ec\/tienda\/producto\/lamina-seguridad-charcol-8mm-suv-4-ventanas-posterior\/\" \/>\n<meta property=\"og:site_name\" content=\"Accesorios Nissan &amp; Renault, Quito\" \/>\n<meta property=\"article:modified_time\" content=\"2025-01-30T13:14:49+00:00\" \/>\n<meta property=\"og:image\" content=\"https:\/\/audesur.ec\/tienda\/wp-content\/uploads\/2022\/08\/WhatsApp-Image-2023-03-20-at-2.47.26-PM-1.jpeg\" \/>\n\t<meta property=\"og:image:width\" content=\"1280\" \/>\n\t<meta property=\"og:image:height\" content=\"960\" \/>\n\t<meta property=\"og:image:type\" content=\"image\/jpeg\" \/>\n<meta name=\"twitter:card\" content=\"summary_large_image\" \/>\n<script type=\"application\/ld+json\" class=\"yoast-schema-graph\">{\"@context\":\"https:\/\/schema.org\",\"@graph\":[{\"@type\":\"WebPage\",\"@id\":\"https:\/\/audesur.ec\/tienda\/producto\/lamina-seguridad-charcol-8mm-suv-4-ventanas-posterior\/\",\"url\":\"https:\/\/audesur.ec\/tienda\/producto\/lamina-seguridad-charcol-8mm-suv-4-ventanas-posterior\/\",\"name\":\"LAMINA DE SEGURIDAD - Accesorios Nissan &amp; Renault, Quito\",\"isPartOf\":{\"@id\":\"https:\/\/audesur.ec\/tienda\/#website\"},\"datePublished\":\"2022-08-02T16:40:20+00:00\",\"dateModified\":\"2025-01-30T13:14:49+00:00\",\"breadcrumb\":{\"@id\":\"https:\/\/audesur.ec\/tienda\/producto\/lamina-seguridad-charcol-8mm-suv-4-ventanas-posterior\/#breadcrumb\"},\"inLanguage\":\"es\",\"potentialAction\":[{\"@type\":\"ReadAction\",\"target\":[\"https:\/\/audesur.ec\/tienda\/producto\/lamina-seguridad-charcol-8mm-suv-4-ventanas-posterior\/\"]}]},{\"@type\":\"BreadcrumbList\",\"@id\":\"https:\/\/audesur.ec\/tienda\/producto\/lamina-seguridad-charcol-8mm-suv-4-ventanas-posterior\/#breadcrumb\",\"itemListElement\":[{\"@type\":\"ListItem\",\"position\":1,\"name\":\"Portada\",\"item\":\"https:\/\/audesur.ec\/tienda\/\"},{\"@type\":\"ListItem\",\"position\":2,\"name\":\"Tienda\",\"item\":\"https:\/\/audesur.ec\/tienda\/tienda\/\"},{\"@type\":\"ListItem\",\"position\":3,\"name\":\"LAMINA DE SEGURIDAD\"}]},{\"@type\":\"WebSite\",\"@id\":\"https:\/\/audesur.ec\/tienda\/#website\",\"url\":\"https:\/\/audesur.ec\/tienda\/\",\"name\":\"Accesorios Nissan &amp; Renault, Quito\",\"description\":\"Venta de accesorios NISSAN y RENAULT\",\"publisher\":{\"@id\":\"https:\/\/audesur.ec\/tienda\/#organization\"},\"potentialAction\":[{\"@type\":\"SearchAction\",\"target\":{\"@type\":\"EntryPoint\",\"urlTemplate\":\"https:\/\/audesur.ec\/tienda\/?s={search_term_string}\"},\"query-input\":\"required name=search_term_string\"}],\"inLanguage\":\"es\"},{\"@type\":\"Organization\",\"@id\":\"https:\/\/audesur.ec\/tienda\/#organization\",\"name\":\"Accesorios Nissan &amp; Renault, Quito\",\"url\":\"https:\/\/audesur.ec\/tienda\/\",\"logo\":{\"@type\":\"ImageObject\",\"inLanguage\":\"es\",\"@id\":\"https:\/\/audesur.ec\/tienda\/#\/schema\/logo\/image\/\",\"url\":\"https:\/\/audesur.ec\/tienda\/wp-content\/uploads\/2023\/03\/cropped-audesur-logo-1-1.png\",\"contentUrl\":\"https:\/\/audesur.ec\/tienda\/wp-content\/uploads\/2023\/03\/cropped-audesur-logo-1-1.png\",\"width\":297,\"height\":70,\"caption\":\"Accesorios Nissan &amp; Renault, Quito\"},\"image\":{\"@id\":\"https:\/\/audesur.ec\/tienda\/#\/schema\/logo\/image\/\"}}]}<\/script>\n<!-- \/ Yoast SEO plugin. -->","yoast_head_json":{"title":"LAMINA DE SEGURIDAD - Accesorios Nissan &amp; Renault, Quito","robots":{"index":"index","follow":"follow","max-snippet":"max-snippet:-1","max-image-preview":"max-image-preview:large","max-video-preview":"max-video-preview:-1"},"canonical":"https:\/\/audesur.ec\/tienda\/producto\/lamina-seguridad-charcol-8mm-suv-4-ventanas-posterior\/","og_locale":"es_ES","og_type":"article","og_title":"LAMINA DE SEGURIDAD - Accesorios Nissan &amp; Renault, Quito","og_description":"La\u0301mina de seguridad es una peli\u0301cula pla\u0301stica (poli\u0301meros entrelazados) que una vez instalada correctamente, permite que el vidrio conserve su forma en caso de sufrir una rotura a causa de un agente exterior, como el conocido \u201cbujiazo\u201dutilizado por los ladrones para robar.  Las L\u00e1minas de seguridad charcoal con control solar son permitidas por la ANT de Ecuador con tonalidad hasta 50%. Menos da\u00f1o en tu piel. Ventanas Polarizadas. Garant\u00eda Total. Menos rayos UV  LAMINA TRANPARENTE 8 MILIMETROS     4 VENTANAS 4 VENTANAS + PARABRISAS POSTERIOR   SEDAN \u00a0$\u00a0\u00a0\u00a0\u00a0\u00a0\u00a0\u00a0\u00a0 150.00 \u00a0$\u00a0\u00a0\u00a0\u00a0\u00a0\u00a0\u00a0\u00a0\u00a0\u00a0\u00a0\u00a0\u00a0\u00a0\u00a0\u00a0\u00a0\u00a0\u00a0\u00a0\u00a0\u00a0\u00a0\u00a0\u00a0\u00a0\u00a0\u00a0\u00a0\u00a0\u00a0\u00a0\u00a0\u00a0\u00a0 160.00   SUV \u00a0$\u00a0\u00a0\u00a0\u00a0\u00a0\u00a0\u00a0\u00a0 170.00 \u00a0$\u00a0\u00a0\u00a0\u00a0\u00a0\u00a0\u00a0\u00a0\u00a0\u00a0\u00a0\u00a0\u00a0\u00a0\u00a0\u00a0\u00a0\u00a0\u00a0\u00a0\u00a0\u00a0\u00a0\u00a0\u00a0\u00a0\u00a0\u00a0\u00a0\u00a0\u00a0\u00a0\u00a0\u00a0\u00a0 180.00    LAMINA OSCURA 50% 8 MILIMETROS     4 VENTANAS 4 VENTANAS +PARABRISAS POSTERIOR   SEDAN \u00a0$\u00a0\u00a0\u00a0\u00a0\u00a0\u00a0\u00a0\u00a0 160.00 \u00a0$\u00a0\u00a0\u00a0\u00a0\u00a0\u00a0\u00a0\u00a0\u00a0\u00a0\u00a0\u00a0\u00a0\u00a0\u00a0\u00a0\u00a0\u00a0\u00a0\u00a0\u00a0\u00a0\u00a0\u00a0\u00a0\u00a0\u00a0\u00a0\u00a0\u00a0\u00a0\u00a0\u00a0\u00a0\u00a0 170.00   SUV \u00a0$\u00a0\u00a0\u00a0\u00a0\u00a0\u00a0\u00a0\u00a0 180.00 \u00a0$\u00a0\u00a0\u00a0\u00a0\u00a0\u00a0\u00a0\u00a0\u00a0\u00a0\u00a0\u00a0\u00a0\u00a0\u00a0\u00a0\u00a0\u00a0\u00a0\u00a0\u00a0\u00a0\u00a0\u00a0\u00a0\u00a0\u00a0\u00a0\u00a0\u00a0\u00a0\u00a0\u00a0\u00a0\u00a0 190.00    LAMINA TRANPARENTE 12 MILIMETROS     4 VENTANAS 4 VENTANAS +PARABRISAS POSTERIOR   SEDAN \u00a0$\u00a0\u00a0\u00a0\u00a0\u00a0\u00a0\u00a0\u00a0 180.00 \u00a0$\u00a0\u00a0\u00a0\u00a0\u00a0\u00a0\u00a0\u00a0\u00a0\u00a0\u00a0\u00a0\u00a0\u00a0\u00a0\u00a0\u00a0\u00a0\u00a0\u00a0\u00a0\u00a0\u00a0\u00a0\u00a0\u00a0\u00a0\u00a0\u00a0\u00a0\u00a0\u00a0\u00a0\u00a0\u00a0 190.00   SUV \u00a0$\u00a0\u00a0\u00a0\u00a0\u00a0\u00a0\u00a0\u00a0 190.00 \u00a0$\u00a0 \u00a0 \u00a0 \u00a0 \u00a0 \u00a0 \u00a0 \u00a0 \u00a0 \u00a0 \u00a0 \u00a0 \u00a0 \u00a0 \u00a0 \u00a0 \u00a0 \u00a0 210.00    LAMINA OSCURA 50% 12 MILIMETROS     4 VENTANAS 4 VENTANAS +POSTERIOR   SEDAN \u00a0$\u00a0\u00a0\u00a0\u00a0\u00a0\u00a0\u00a0\u00a0 180.00 \u00a0$\u00a0\u00a0\u00a0\u00a0\u00a0\u00a0\u00a0\u00a0\u00a0\u00a0\u00a0\u00a0\u00a0\u00a0\u00a0\u00a0\u00a0\u00a0\u00a0\u00a0\u00a0\u00a0\u00a0\u00a0\u00a0\u00a0\u00a0\u00a0\u00a0\u00a0\u00a0\u00a0\u00a0\u00a0\u00a0 190.00   SUV \u00a0$\u00a0 \u00a0 \u00a0 \u00a0 \u00a0200.00 \u00a0$\u00a0 \u00a0 \u00a0 \u00a0 \u00a0 \u00a0 \u00a0 \u00a0 \u00a0 \u00a0 \u00a0 \u00a0 \u00a0 \u00a0 \u00a0 \u00a0 \u00a0 \u00a0 220.00","og_url":"https:\/\/audesur.ec\/tienda\/producto\/lamina-seguridad-charcol-8mm-suv-4-ventanas-posterior\/","og_site_name":"Accesorios Nissan &amp; Renault, Quito","article_modified_time":"2025-01-30T13:14:49+00:00","og_image":[{"width":1280,"height":960,"url":"https:\/\/audesur.ec\/tienda\/wp-content\/uploads\/2022\/08\/WhatsApp-Image-2023-03-20-at-2.47.26-PM-1.jpeg","type":"image\/jpeg"}],"twitter_card":"summary_large_image","schema":{"@context":"https:\/\/schema.org","@graph":[{"@type":"WebPage","@id":"https:\/\/audesur.ec\/tienda\/producto\/lamina-seguridad-charcol-8mm-suv-4-ventanas-posterior\/","url":"https:\/\/audesur.ec\/tienda\/producto\/lamina-seguridad-charcol-8mm-suv-4-ventanas-posterior\/","name":"LAMINA DE SEGURIDAD - Accesorios Nissan &amp; Renault, Quito","isPartOf":{"@id":"https:\/\/audesur.ec\/tienda\/#website"},"datePublished":"2022-08-02T16:40:20+00:00","dateModified":"2025-01-30T13:14:49+00:00","breadcrumb":{"@id":"https:\/\/audesur.ec\/tienda\/producto\/lamina-seguridad-charcol-8mm-suv-4-ventanas-posterior\/#breadcrumb"},"inLanguage":"es","potentialAction":[{"@type":"ReadAction","target":["https:\/\/audesur.ec\/tienda\/producto\/lamina-seguridad-charcol-8mm-suv-4-ventanas-posterior\/"]}]},{"@type":"BreadcrumbList","@id":"https:\/\/audesur.ec\/tienda\/producto\/lamina-seguridad-charcol-8mm-suv-4-ventanas-posterior\/#breadcrumb","itemListElement":[{"@type":"ListItem","position":1,"name":"Portada","item":"https:\/\/audesur.ec\/tienda\/"},{"@type":"ListItem","position":2,"name":"Tienda","item":"https:\/\/audesur.ec\/tienda\/tienda\/"},{"@type":"ListItem","position":3,"name":"LAMINA DE SEGURIDAD"}]},{"@type":"WebSite","@id":"https:\/\/audesur.ec\/tienda\/#website","url":"https:\/\/audesur.ec\/tienda\/","name":"Accesorios Nissan &amp; Renault, Quito","description":"Venta de accesorios NISSAN y RENAULT","publisher":{"@id":"https:\/\/audesur.ec\/tienda\/#organization"},"potentialAction":[{"@type":"SearchAction","target":{"@type":"EntryPoint","urlTemplate":"https:\/\/audesur.ec\/tienda\/?s={search_term_string}"},"query-input":"required name=search_term_string"}],"inLanguage":"es"},{"@type":"Organization","@id":"https:\/\/audesur.ec\/tienda\/#organization","name":"Accesorios Nissan &amp; Renault, Quito","url":"https:\/\/audesur.ec\/tienda\/","logo":{"@type":"ImageObject","inLanguage":"es","@id":"https:\/\/audesur.ec\/tienda\/#\/schema\/logo\/image\/","url":"https:\/\/audesur.ec\/tienda\/wp-content\/uploads\/2023\/03\/cropped-audesur-logo-1-1.png","contentUrl":"https:\/\/audesur.ec\/tienda\/wp-content\/uploads\/2023\/03\/cropped-audesur-logo-1-1.png","width":297,"height":70,"caption":"Accesorios Nissan &amp; Renault, Quito"},"image":{"@id":"https:\/\/audesur.ec\/tienda\/#\/schema\/logo\/image\/"}}]}},"_links":{"self":[{"href":"https:\/\/audesur.ec\/tienda\/wp-json\/wp\/v2\/product\/259","targetHints":{"allow":["GET"]}}],"collection":[{"href":"https:\/\/audesur.ec\/tienda\/wp-json\/wp\/v2\/product"}],"about":[{"href":"https:\/\/audesur.ec\/tienda\/wp-json\/wp\/v2\/types\/product"}],"wp:featuredmedia":[{"embeddable":true,"href":"https:\/\/audesur.ec\/tienda\/wp-json\/wp\/v2\/media\/964"}],"wp:attachment":[{"href":"https:\/\/audesur.ec\/tienda\/wp-json\/wp\/v2\/media?parent=259"}],"wp:term":[{"taxonomy":"product_cat","embeddable":true,"href":"https:\/\/audesur.ec\/tienda\/wp-json\/wp\/v2\/product_cat?post=259"},{"taxonomy":"product_tag","embeddable":true,"href":"https:\/\/audesur.ec\/tienda\/wp-json\/wp\/v2\/product_tag?post=259"}],"curies":[{"name":"wp","href":"https:\/\/api.w.org\/{rel}","templated":true}]}}