{"id":1238,"date":"2024-03-04T18:31:40","date_gmt":"2024-03-04T18:31:40","guid":{"rendered":"https:\/\/audesur.ec\/tienda\/?post_type=product&#038;p=1238"},"modified":"2024-05-01T16:07:16","modified_gmt":"2024-05-01T16:07:16","slug":"carpa-de-techo-camping-6-personas","status":"publish","type":"product","link":"https:\/\/audesur.ec\/tienda\/producto\/carpa-de-techo-camping-6-personas\/","title":{"rendered":"CARPA DE TECHO CAMPING 6 PERSONAS"},"content":{"rendered":"","protected":false},"excerpt":{"rendered":"<p>La carpa para dos adultos + un ni\u00f1o, es la mejor combinaci\u00f3n de comodidad y accesibilidad para Overlanding, paseos o un camping de fin de semana. Esta carpa de techo ofrece dormitorios ultra lujosos que lo alejan del suelo y lo protegen de los elementos incluso en los terrenos m\u00e1s dif\u00edciles.<\/p>\n<p>El dise\u00f1o reduce el ruido del viento fuerte y mantiene esas millas por gal\u00f3n en la autopista. Esta carpa para autom\u00f3vil est\u00e1 dise\u00f1ada para mantener toda su ropa de cama dentro del conjunto mientras est\u00e1 guardada, lo que permite una instalaci\u00f3n r\u00e1pida y f\u00e1cil. Con este dise\u00f1o innovador, puede mantener un espacio de almacenamiento vital en el veh\u00edculo para otros art\u00edculos.<\/p>\n<p>Para complementar la robusta durabilidad de esta carpa, se encuentran otras caracter\u00edsticas excelentes como su colchon para dormir ultra lujoso de tres pulgadas de grosor que lo har\u00e1 dormir tan bien que es posible que se olvide de su cama en casa. Combinado con la durabilidad y la resistencia a la intemperie de esta \u201cMaster Suite\u201d en el techo estamos seguros de que estamos brindando el mejor valor del mercado.<\/p>\n","protected":false},"featured_media":1243,"template":"","meta":{"_monsterinsights_skip_tracking":false,"_monsterinsights_sitenote_active":false,"_monsterinsights_sitenote_note":"","_monsterinsights_sitenote_category":0},"product_cat":[30,23,21,28,29,37],"product_tag":[],"class_list":["post-1238","product","type-product","status-publish","has-post-thumbnail","hentry","product_cat-duster","product_cat-frontier","product_cat-qashqai","product_cat-sandero","product_cat-stepway","product_cat-epower"],"aioseo_notices":[],"yoast_head":"<!-- This site is optimized with the Yoast SEO plugin v20.1 - https:\/\/yoast.com\/wordpress\/plugins\/seo\/ -->\n<title>CARPA DE TECHO CAMPING 6 PERSONAS - Accesorios Nissan &amp; Renault, Quito<\/title>\n<meta name=\"robots\" content=\"index, follow, max-snippet:-1, max-image-preview:large, max-video-preview:-1\" \/>\n<link rel=\"canonical\" href=\"https:\/\/audesur.ec\/tienda\/producto\/carpa-de-techo-camping-6-personas\/\" \/>\n<meta property=\"og:locale\" content=\"es_ES\" \/>\n<meta property=\"og:type\" content=\"article\" \/>\n<meta property=\"og:title\" content=\"CARPA DE TECHO CAMPING 6 PERSONAS - Accesorios Nissan &amp; Renault, Quito\" \/>\n<meta property=\"og:description\" content=\"La carpa para dos adultos + un ni\u00f1o, es la mejor combinaci\u00f3n de comodidad y accesibilidad para Overlanding, paseos o un camping de fin de semana. Esta carpa de techo ofrece dormitorios ultra lujosos que lo alejan del suelo y lo protegen de los elementos incluso en los terrenos m\u00e1s dif\u00edciles.  El dise\u00f1o reduce el ruido del viento fuerte y mantiene esas millas por gal\u00f3n en la autopista. Esta carpa para autom\u00f3vil est\u00e1 dise\u00f1ada para mantener toda su ropa de cama dentro del conjunto mientras est\u00e1 guardada, lo que permite una instalaci\u00f3n r\u00e1pida y f\u00e1cil. Con este dise\u00f1o innovador, puede mantener un espacio de almacenamiento vital en el veh\u00edculo para otros art\u00edculos.  Para complementar la robusta durabilidad de esta carpa, se encuentran otras caracter\u00edsticas excelentes como su colchon para dormir ultra lujoso de tres pulgadas de grosor que lo har\u00e1 dormir tan bien que es posible que se olvide de su cama en casa. Combinado con la durabilidad y la resistencia a la intemperie de esta \u201cMaster Suite\u201d en el techo estamos seguros de que estamos brindando el mejor valor del mercado.\" \/>\n<meta property=\"og:url\" content=\"https:\/\/audesur.ec\/tienda\/producto\/carpa-de-techo-camping-6-personas\/\" \/>\n<meta property=\"og:site_name\" content=\"Accesorios Nissan &amp; Renault, Quito\" \/>\n<meta property=\"article:modified_time\" content=\"2024-05-01T16:07:16+00:00\" \/>\n<meta property=\"og:image\" content=\"https:\/\/audesur.ec\/tienda\/wp-content\/uploads\/2024\/03\/uno.jpeg\" \/>\n\t<meta property=\"og:image:width\" content=\"788\" \/>\n\t<meta property=\"og:image:height\" content=\"786\" \/>\n\t<meta property=\"og:image:type\" content=\"image\/jpeg\" \/>\n<meta name=\"twitter:card\" content=\"summary_large_image\" \/>\n<script type=\"application\/ld+json\" class=\"yoast-schema-graph\">{\"@context\":\"https:\/\/schema.org\",\"@graph\":[{\"@type\":\"WebPage\",\"@id\":\"https:\/\/audesur.ec\/tienda\/producto\/carpa-de-techo-camping-6-personas\/\",\"url\":\"https:\/\/audesur.ec\/tienda\/producto\/carpa-de-techo-camping-6-personas\/\",\"name\":\"CARPA DE TECHO CAMPING 6 PERSONAS - Accesorios Nissan &amp; Renault, Quito\",\"isPartOf\":{\"@id\":\"https:\/\/audesur.ec\/tienda\/#website\"},\"datePublished\":\"2024-03-04T18:31:40+00:00\",\"dateModified\":\"2024-05-01T16:07:16+00:00\",\"breadcrumb\":{\"@id\":\"https:\/\/audesur.ec\/tienda\/producto\/carpa-de-techo-camping-6-personas\/#breadcrumb\"},\"inLanguage\":\"es\",\"potentialAction\":[{\"@type\":\"ReadAction\",\"target\":[\"https:\/\/audesur.ec\/tienda\/producto\/carpa-de-techo-camping-6-personas\/\"]}]},{\"@type\":\"BreadcrumbList\",\"@id\":\"https:\/\/audesur.ec\/tienda\/producto\/carpa-de-techo-camping-6-personas\/#breadcrumb\",\"itemListElement\":[{\"@type\":\"ListItem\",\"position\":1,\"name\":\"Portada\",\"item\":\"https:\/\/audesur.ec\/tienda\/\"},{\"@type\":\"ListItem\",\"position\":2,\"name\":\"Tienda\",\"item\":\"https:\/\/audesur.ec\/tienda\/tienda\/\"},{\"@type\":\"ListItem\",\"position\":3,\"name\":\"CARPA DE TECHO CAMPING 6 PERSONAS\"}]},{\"@type\":\"WebSite\",\"@id\":\"https:\/\/audesur.ec\/tienda\/#website\",\"url\":\"https:\/\/audesur.ec\/tienda\/\",\"name\":\"Accesorios Nissan &amp; Renault, Quito\",\"description\":\"Venta de accesorios NISSAN y RENAULT\",\"publisher\":{\"@id\":\"https:\/\/audesur.ec\/tienda\/#organization\"},\"potentialAction\":[{\"@type\":\"SearchAction\",\"target\":{\"@type\":\"EntryPoint\",\"urlTemplate\":\"https:\/\/audesur.ec\/tienda\/?s={search_term_string}\"},\"query-input\":\"required name=search_term_string\"}],\"inLanguage\":\"es\"},{\"@type\":\"Organization\",\"@id\":\"https:\/\/audesur.ec\/tienda\/#organization\",\"name\":\"Accesorios Nissan &amp; Renault, Quito\",\"url\":\"https:\/\/audesur.ec\/tienda\/\",\"logo\":{\"@type\":\"ImageObject\",\"inLanguage\":\"es\",\"@id\":\"https:\/\/audesur.ec\/tienda\/#\/schema\/logo\/image\/\",\"url\":\"https:\/\/audesur.ec\/tienda\/wp-content\/uploads\/2023\/03\/cropped-audesur-logo-1-1.png\",\"contentUrl\":\"https:\/\/audesur.ec\/tienda\/wp-content\/uploads\/2023\/03\/cropped-audesur-logo-1-1.png\",\"width\":297,\"height\":70,\"caption\":\"Accesorios Nissan &amp; Renault, Quito\"},\"image\":{\"@id\":\"https:\/\/audesur.ec\/tienda\/#\/schema\/logo\/image\/\"}}]}<\/script>\n<!-- \/ Yoast SEO plugin. -->","yoast_head_json":{"title":"CARPA DE TECHO CAMPING 6 PERSONAS - Accesorios Nissan &amp; Renault, Quito","robots":{"index":"index","follow":"follow","max-snippet":"max-snippet:-1","max-image-preview":"max-image-preview:large","max-video-preview":"max-video-preview:-1"},"canonical":"https:\/\/audesur.ec\/tienda\/producto\/carpa-de-techo-camping-6-personas\/","og_locale":"es_ES","og_type":"article","og_title":"CARPA DE TECHO CAMPING 6 PERSONAS - Accesorios Nissan &amp; Renault, Quito","og_description":"La carpa para dos adultos + un ni\u00f1o, es la mejor combinaci\u00f3n de comodidad y accesibilidad para Overlanding, paseos o un camping de fin de semana. Esta carpa de techo ofrece dormitorios ultra lujosos que lo alejan del suelo y lo protegen de los elementos incluso en los terrenos m\u00e1s dif\u00edciles.  El dise\u00f1o reduce el ruido del viento fuerte y mantiene esas millas por gal\u00f3n en la autopista. Esta carpa para autom\u00f3vil est\u00e1 dise\u00f1ada para mantener toda su ropa de cama dentro del conjunto mientras est\u00e1 guardada, lo que permite una instalaci\u00f3n r\u00e1pida y f\u00e1cil. Con este dise\u00f1o innovador, puede mantener un espacio de almacenamiento vital en el veh\u00edculo para otros art\u00edculos.  Para complementar la robusta durabilidad de esta carpa, se encuentran otras caracter\u00edsticas excelentes como su colchon para dormir ultra lujoso de tres pulgadas de grosor que lo har\u00e1 dormir tan bien que es posible que se olvide de su cama en casa. Combinado con la durabilidad y la resistencia a la intemperie de esta \u201cMaster Suite\u201d en el techo estamos seguros de que estamos brindando el mejor valor del mercado.","og_url":"https:\/\/audesur.ec\/tienda\/producto\/carpa-de-techo-camping-6-personas\/","og_site_name":"Accesorios Nissan &amp; Renault, Quito","article_modified_time":"2024-05-01T16:07:16+00:00","og_image":[{"width":788,"height":786,"url":"https:\/\/audesur.ec\/tienda\/wp-content\/uploads\/2024\/03\/uno.jpeg","type":"image\/jpeg"}],"twitter_card":"summary_large_image","schema":{"@context":"https:\/\/schema.org","@graph":[{"@type":"WebPage","@id":"https:\/\/audesur.ec\/tienda\/producto\/carpa-de-techo-camping-6-personas\/","url":"https:\/\/audesur.ec\/tienda\/producto\/carpa-de-techo-camping-6-personas\/","name":"CARPA DE TECHO CAMPING 6 PERSONAS - Accesorios Nissan &amp; Renault, Quito","isPartOf":{"@id":"https:\/\/audesur.ec\/tienda\/#website"},"datePublished":"2024-03-04T18:31:40+00:00","dateModified":"2024-05-01T16:07:16+00:00","breadcrumb":{"@id":"https:\/\/audesur.ec\/tienda\/producto\/carpa-de-techo-camping-6-personas\/#breadcrumb"},"inLanguage":"es","potentialAction":[{"@type":"ReadAction","target":["https:\/\/audesur.ec\/tienda\/producto\/carpa-de-techo-camping-6-personas\/"]}]},{"@type":"BreadcrumbList","@id":"https:\/\/audesur.ec\/tienda\/producto\/carpa-de-techo-camping-6-personas\/#breadcrumb","itemListElement":[{"@type":"ListItem","position":1,"name":"Portada","item":"https:\/\/audesur.ec\/tienda\/"},{"@type":"ListItem","position":2,"name":"Tienda","item":"https:\/\/audesur.ec\/tienda\/tienda\/"},{"@type":"ListItem","position":3,"name":"CARPA DE TECHO CAMPING 6 PERSONAS"}]},{"@type":"WebSite","@id":"https:\/\/audesur.ec\/tienda\/#website","url":"https:\/\/audesur.ec\/tienda\/","name":"Accesorios Nissan &amp; Renault, Quito","description":"Venta de accesorios NISSAN y RENAULT","publisher":{"@id":"https:\/\/audesur.ec\/tienda\/#organization"},"potentialAction":[{"@type":"SearchAction","target":{"@type":"EntryPoint","urlTemplate":"https:\/\/audesur.ec\/tienda\/?s={search_term_string}"},"query-input":"required name=search_term_string"}],"inLanguage":"es"},{"@type":"Organization","@id":"https:\/\/audesur.ec\/tienda\/#organization","name":"Accesorios Nissan &amp; Renault, Quito","url":"https:\/\/audesur.ec\/tienda\/","logo":{"@type":"ImageObject","inLanguage":"es","@id":"https:\/\/audesur.ec\/tienda\/#\/schema\/logo\/image\/","url":"https:\/\/audesur.ec\/tienda\/wp-content\/uploads\/2023\/03\/cropped-audesur-logo-1-1.png","contentUrl":"https:\/\/audesur.ec\/tienda\/wp-content\/uploads\/2023\/03\/cropped-audesur-logo-1-1.png","width":297,"height":70,"caption":"Accesorios Nissan &amp; Renault, Quito"},"image":{"@id":"https:\/\/audesur.ec\/tienda\/#\/schema\/logo\/image\/"}}]}},"_links":{"self":[{"href":"https:\/\/audesur.ec\/tienda\/wp-json\/wp\/v2\/product\/1238","targetHints":{"allow":["GET"]}}],"collection":[{"href":"https:\/\/audesur.ec\/tienda\/wp-json\/wp\/v2\/product"}],"about":[{"href":"https:\/\/audesur.ec\/tienda\/wp-json\/wp\/v2\/types\/product"}],"wp:featuredmedia":[{"embeddable":true,"href":"https:\/\/audesur.ec\/tienda\/wp-json\/wp\/v2\/media\/1243"}],"wp:attachment":[{"href":"https:\/\/audesur.ec\/tienda\/wp-json\/wp\/v2\/media?parent=1238"}],"wp:term":[{"taxonomy":"product_cat","embeddable":true,"href":"https:\/\/audesur.ec\/tienda\/wp-json\/wp\/v2\/product_cat?post=1238"},{"taxonomy":"product_tag","embeddable":true,"href":"https:\/\/audesur.ec\/tienda\/wp-json\/wp\/v2\/product_tag?post=1238"}],"curies":[{"name":"wp","href":"https:\/\/api.w.org\/{rel}","templated":true}]}}