{"id":1084,"date":"2023-07-25T15:03:38","date_gmt":"2023-07-25T15:03:38","guid":{"rendered":"https:\/\/audesur.ec\/tienda\/?post_type=product&#038;p=1084"},"modified":"2023-07-25T15:03:38","modified_gmt":"2023-07-25T15:03:38","slug":"llanta-forza-a-t-2-205-60-r16","status":"publish","type":"product","link":"https:\/\/audesur.ec\/tienda\/producto\/llanta-forza-a-t-2-205-60-r16\/","title":{"rendered":"Llanta Forza A\/T 2 (205 60\/R16)"},"content":{"rendered":"","protected":false},"excerpt":{"rendered":"<p>La FORZA A\/T 2 proporciona mayor drenaje y menor ruido. Ofrece buen drenaje de agua y bajo nivel de ruido bajo una variedad de condiciones de la carretera y terreno. Mayor estabilidad debido al canto de corte especial en todas los bordes del patr\u00f3n proporcionando estabilidad de conducci\u00f3n. El patr\u00f3n en zigzag en el medio de la banda reduce el ruido, mientras que las esquinas inclinadas repelen rocas y mejoran la adherencia en la tierra. El formato especial en el hombro en forma de banco proporciona una excelente adherencia al suelo en destapado, para curvas estables a alta velocidad, en condiciones secas y mojadas.<\/p>\n","protected":false},"featured_media":1086,"template":"","meta":{"_monsterinsights_skip_tracking":false,"_monsterinsights_sitenote_active":false,"_monsterinsights_sitenote_note":"","_monsterinsights_sitenote_category":0},"product_cat":[25,29],"product_tag":[],"class_list":["post-1084","product","type-product","status-publish","has-post-thumbnail","hentry","product_cat-renault","product_cat-stepway"],"aioseo_notices":[],"yoast_head":"<!-- This site is optimized with the Yoast SEO plugin v20.1 - https:\/\/yoast.com\/wordpress\/plugins\/seo\/ -->\n<title>Llanta Forza A\/T 2 (205 60\/R16) - Accesorios Nissan &amp; Renault, Quito<\/title>\n<meta name=\"robots\" content=\"index, follow, max-snippet:-1, max-image-preview:large, max-video-preview:-1\" \/>\n<link rel=\"canonical\" href=\"https:\/\/audesur.ec\/tienda\/producto\/llanta-forza-a-t-2-205-60-r16\/\" \/>\n<meta property=\"og:locale\" content=\"es_ES\" \/>\n<meta property=\"og:type\" content=\"article\" \/>\n<meta property=\"og:title\" content=\"Llanta Forza A\/T 2 (205 60\/R16) - Accesorios Nissan &amp; Renault, Quito\" \/>\n<meta property=\"og:description\" content=\"La FORZA A\/T 2 proporciona mayor drenaje y menor ruido. Ofrece buen drenaje de agua y bajo nivel de ruido bajo una variedad de condiciones de la carretera y terreno. Mayor estabilidad debido al canto de corte especial en todas los bordes del patr\u00f3n proporcionando estabilidad de conducci\u00f3n. El patr\u00f3n en zigzag en el medio de la banda reduce el ruido, mientras que las esquinas inclinadas repelen rocas y mejoran la adherencia en la tierra. El formato especial en el hombro en forma de banco proporciona una excelente adherencia al suelo en destapado, para curvas estables a alta velocidad, en condiciones secas y mojadas.\" \/>\n<meta property=\"og:url\" content=\"https:\/\/audesur.ec\/tienda\/producto\/llanta-forza-a-t-2-205-60-r16\/\" \/>\n<meta property=\"og:site_name\" content=\"Accesorios Nissan &amp; Renault, Quito\" \/>\n<meta property=\"og:image\" content=\"https:\/\/audesur.ec\/tienda\/wp-content\/uploads\/2023\/07\/forzaat2_m.jpg\" \/>\n\t<meta property=\"og:image:width\" content=\"800\" \/>\n\t<meta property=\"og:image:height\" content=\"800\" \/>\n\t<meta property=\"og:image:type\" content=\"image\/jpeg\" \/>\n<meta name=\"twitter:card\" content=\"summary_large_image\" \/>\n<script type=\"application\/ld+json\" class=\"yoast-schema-graph\">{\"@context\":\"https:\/\/schema.org\",\"@graph\":[{\"@type\":\"WebPage\",\"@id\":\"https:\/\/audesur.ec\/tienda\/producto\/llanta-forza-a-t-2-205-60-r16\/\",\"url\":\"https:\/\/audesur.ec\/tienda\/producto\/llanta-forza-a-t-2-205-60-r16\/\",\"name\":\"Llanta Forza A\/T 2 (205 60\/R16) - Accesorios Nissan &amp; Renault, Quito\",\"isPartOf\":{\"@id\":\"https:\/\/audesur.ec\/tienda\/#website\"},\"datePublished\":\"2023-07-25T15:03:38+00:00\",\"dateModified\":\"2023-07-25T15:03:38+00:00\",\"breadcrumb\":{\"@id\":\"https:\/\/audesur.ec\/tienda\/producto\/llanta-forza-a-t-2-205-60-r16\/#breadcrumb\"},\"inLanguage\":\"es\",\"potentialAction\":[{\"@type\":\"ReadAction\",\"target\":[\"https:\/\/audesur.ec\/tienda\/producto\/llanta-forza-a-t-2-205-60-r16\/\"]}]},{\"@type\":\"BreadcrumbList\",\"@id\":\"https:\/\/audesur.ec\/tienda\/producto\/llanta-forza-a-t-2-205-60-r16\/#breadcrumb\",\"itemListElement\":[{\"@type\":\"ListItem\",\"position\":1,\"name\":\"Portada\",\"item\":\"https:\/\/audesur.ec\/tienda\/\"},{\"@type\":\"ListItem\",\"position\":2,\"name\":\"Tienda\",\"item\":\"https:\/\/audesur.ec\/tienda\/tienda\/\"},{\"@type\":\"ListItem\",\"position\":3,\"name\":\"Llanta Forza A\/T 2 (205 60\/R16)\"}]},{\"@type\":\"WebSite\",\"@id\":\"https:\/\/audesur.ec\/tienda\/#website\",\"url\":\"https:\/\/audesur.ec\/tienda\/\",\"name\":\"Accesorios Nissan &amp; Renault, Quito\",\"description\":\"Venta de accesorios NISSAN y RENAULT\",\"publisher\":{\"@id\":\"https:\/\/audesur.ec\/tienda\/#organization\"},\"potentialAction\":[{\"@type\":\"SearchAction\",\"target\":{\"@type\":\"EntryPoint\",\"urlTemplate\":\"https:\/\/audesur.ec\/tienda\/?s={search_term_string}\"},\"query-input\":\"required name=search_term_string\"}],\"inLanguage\":\"es\"},{\"@type\":\"Organization\",\"@id\":\"https:\/\/audesur.ec\/tienda\/#organization\",\"name\":\"Accesorios Nissan &amp; Renault, Quito\",\"url\":\"https:\/\/audesur.ec\/tienda\/\",\"logo\":{\"@type\":\"ImageObject\",\"inLanguage\":\"es\",\"@id\":\"https:\/\/audesur.ec\/tienda\/#\/schema\/logo\/image\/\",\"url\":\"https:\/\/audesur.ec\/tienda\/wp-content\/uploads\/2023\/03\/cropped-audesur-logo-1-1.png\",\"contentUrl\":\"https:\/\/audesur.ec\/tienda\/wp-content\/uploads\/2023\/03\/cropped-audesur-logo-1-1.png\",\"width\":297,\"height\":70,\"caption\":\"Accesorios Nissan &amp; Renault, Quito\"},\"image\":{\"@id\":\"https:\/\/audesur.ec\/tienda\/#\/schema\/logo\/image\/\"}}]}<\/script>\n<!-- \/ Yoast SEO plugin. -->","yoast_head_json":{"title":"Llanta Forza A\/T 2 (205 60\/R16) - Accesorios Nissan &amp; Renault, Quito","robots":{"index":"index","follow":"follow","max-snippet":"max-snippet:-1","max-image-preview":"max-image-preview:large","max-video-preview":"max-video-preview:-1"},"canonical":"https:\/\/audesur.ec\/tienda\/producto\/llanta-forza-a-t-2-205-60-r16\/","og_locale":"es_ES","og_type":"article","og_title":"Llanta Forza A\/T 2 (205 60\/R16) - Accesorios Nissan &amp; Renault, Quito","og_description":"La FORZA A\/T 2 proporciona mayor drenaje y menor ruido. Ofrece buen drenaje de agua y bajo nivel de ruido bajo una variedad de condiciones de la carretera y terreno. Mayor estabilidad debido al canto de corte especial en todas los bordes del patr\u00f3n proporcionando estabilidad de conducci\u00f3n. El patr\u00f3n en zigzag en el medio de la banda reduce el ruido, mientras que las esquinas inclinadas repelen rocas y mejoran la adherencia en la tierra. El formato especial en el hombro en forma de banco proporciona una excelente adherencia al suelo en destapado, para curvas estables a alta velocidad, en condiciones secas y mojadas.","og_url":"https:\/\/audesur.ec\/tienda\/producto\/llanta-forza-a-t-2-205-60-r16\/","og_site_name":"Accesorios Nissan &amp; Renault, Quito","og_image":[{"width":800,"height":800,"url":"https:\/\/audesur.ec\/tienda\/wp-content\/uploads\/2023\/07\/forzaat2_m.jpg","type":"image\/jpeg"}],"twitter_card":"summary_large_image","schema":{"@context":"https:\/\/schema.org","@graph":[{"@type":"WebPage","@id":"https:\/\/audesur.ec\/tienda\/producto\/llanta-forza-a-t-2-205-60-r16\/","url":"https:\/\/audesur.ec\/tienda\/producto\/llanta-forza-a-t-2-205-60-r16\/","name":"Llanta Forza A\/T 2 (205 60\/R16) - Accesorios Nissan &amp; Renault, Quito","isPartOf":{"@id":"https:\/\/audesur.ec\/tienda\/#website"},"datePublished":"2023-07-25T15:03:38+00:00","dateModified":"2023-07-25T15:03:38+00:00","breadcrumb":{"@id":"https:\/\/audesur.ec\/tienda\/producto\/llanta-forza-a-t-2-205-60-r16\/#breadcrumb"},"inLanguage":"es","potentialAction":[{"@type":"ReadAction","target":["https:\/\/audesur.ec\/tienda\/producto\/llanta-forza-a-t-2-205-60-r16\/"]}]},{"@type":"BreadcrumbList","@id":"https:\/\/audesur.ec\/tienda\/producto\/llanta-forza-a-t-2-205-60-r16\/#breadcrumb","itemListElement":[{"@type":"ListItem","position":1,"name":"Portada","item":"https:\/\/audesur.ec\/tienda\/"},{"@type":"ListItem","position":2,"name":"Tienda","item":"https:\/\/audesur.ec\/tienda\/tienda\/"},{"@type":"ListItem","position":3,"name":"Llanta Forza A\/T 2 (205 60\/R16)"}]},{"@type":"WebSite","@id":"https:\/\/audesur.ec\/tienda\/#website","url":"https:\/\/audesur.ec\/tienda\/","name":"Accesorios Nissan &amp; Renault, Quito","description":"Venta de accesorios NISSAN y RENAULT","publisher":{"@id":"https:\/\/audesur.ec\/tienda\/#organization"},"potentialAction":[{"@type":"SearchAction","target":{"@type":"EntryPoint","urlTemplate":"https:\/\/audesur.ec\/tienda\/?s={search_term_string}"},"query-input":"required name=search_term_string"}],"inLanguage":"es"},{"@type":"Organization","@id":"https:\/\/audesur.ec\/tienda\/#organization","name":"Accesorios Nissan &amp; Renault, Quito","url":"https:\/\/audesur.ec\/tienda\/","logo":{"@type":"ImageObject","inLanguage":"es","@id":"https:\/\/audesur.ec\/tienda\/#\/schema\/logo\/image\/","url":"https:\/\/audesur.ec\/tienda\/wp-content\/uploads\/2023\/03\/cropped-audesur-logo-1-1.png","contentUrl":"https:\/\/audesur.ec\/tienda\/wp-content\/uploads\/2023\/03\/cropped-audesur-logo-1-1.png","width":297,"height":70,"caption":"Accesorios Nissan &amp; Renault, Quito"},"image":{"@id":"https:\/\/audesur.ec\/tienda\/#\/schema\/logo\/image\/"}}]}},"_links":{"self":[{"href":"https:\/\/audesur.ec\/tienda\/wp-json\/wp\/v2\/product\/1084","targetHints":{"allow":["GET"]}}],"collection":[{"href":"https:\/\/audesur.ec\/tienda\/wp-json\/wp\/v2\/product"}],"about":[{"href":"https:\/\/audesur.ec\/tienda\/wp-json\/wp\/v2\/types\/product"}],"wp:featuredmedia":[{"embeddable":true,"href":"https:\/\/audesur.ec\/tienda\/wp-json\/wp\/v2\/media\/1086"}],"wp:attachment":[{"href":"https:\/\/audesur.ec\/tienda\/wp-json\/wp\/v2\/media?parent=1084"}],"wp:term":[{"taxonomy":"product_cat","embeddable":true,"href":"https:\/\/audesur.ec\/tienda\/wp-json\/wp\/v2\/product_cat?post=1084"},{"taxonomy":"product_tag","embeddable":true,"href":"https:\/\/audesur.ec\/tienda\/wp-json\/wp\/v2\/product_tag?post=1084"}],"curies":[{"name":"wp","href":"https:\/\/api.w.org\/{rel}","templated":true}]}}